{"id":2423,"date":"2023-10-23T09:00:21","date_gmt":"2023-10-23T07:00:21","guid":{"rendered":"https:\/\/www.tus-hilter-tischtennis.de\/wp\/?page_id=2423"},"modified":"2023-11-10T10:08:30","modified_gmt":"2023-11-10T09:08:30","slug":"chronik-2003-2004","status":"publish","type":"page","link":"https:\/\/www.tus-hilter-tischtennis.de\/wp\/?page_id=2423","title":{"rendered":"Chronik 2003\/04"},"content":{"rendered":"<p>2003\/04<\/p>\n<p><strong>Vereinswechsel zum TuS Hilter<\/strong><br \/>\nAxel Walke wechselt von BW Hollage zum TuS Hilter<\/p>\n<p><strong>Tabellen 2003\/04<\/strong><\/p>\n<p><strong>1. Herren<\/strong><br \/>\n<strong>Kreisliga S\u00fcd<\/strong><\/p>\n<p><strong>2. Herren<\/strong><br \/>\n<strong>2. Kreisklasse S\u00fcd<\/strong><\/p>\n<p><strong>3. Herren<\/strong><br \/>\n<strong>3. Kreisklasse S\u00fcd<\/strong><\/p>\n<p><strong>1. Sch\u00fcler<\/strong><br \/>\n<strong>Kreisklasse S\u00fcd<\/strong><\/p>\n<p><strong>Vereinsmeisterschaften 2004<\/strong><\/p>\n<p>Einzel:<br \/>\n3. Platz Holger Straede<\/p>\n<p><a href=\"http:\/\/www.tus-hilter-tischtennis.de\/wp\/wp-content\/uploads\/2023\/10\/TT-VM2004_klein.jpg\"><img loading=\"lazy\" decoding=\"async\" class=\"alignnone size-medium wp-image-2452\" src=\"http:\/\/www.tus-hilter-tischtennis.de\/wp\/wp-content\/uploads\/2023\/10\/TT-VM2004_klein-300x225.jpg\" alt=\"\" width=\"300\" height=\"225\" srcset=\"https:\/\/www.tus-hilter-tischtennis.de\/wp\/wp-content\/uploads\/2023\/10\/TT-VM2004_klein-300x225.jpg 300w, https:\/\/www.tus-hilter-tischtennis.de\/wp\/wp-content\/uploads\/2023\/10\/TT-VM2004_klein.jpg 320w\" sizes=\"auto, (max-width: 300px) 100vw, 300px\" \/><\/a><\/p>\n","protected":false},"excerpt":{"rendered":"<p>2003\/04 Vereinswechsel zum TuS Hilter Axel Walke wechselt von BW Hollage zum TuS Hilter Tabellen 2003\/04 1. Herren Kreisliga S\u00fcd 2. Herren 2. Kreisklasse S\u00fcd 3. Herren 3. Kreisklasse S\u00fcd 1. Sch\u00fcler Kreisklasse S\u00fcd Vereinsmeisterschaften 2004 Einzel: 3. Platz Holger Straede<\/p>\n","protected":false},"author":1,"featured_media":2452,"parent":0,"menu_order":0,"comment_status":"closed","ping_status":"closed","template":"","meta":{"_exactmetrics_skip_tracking":false,"_exactmetrics_sitenote_active":false,"_exactmetrics_sitenote_note":"","_exactmetrics_sitenote_category":0,"footnotes":""},"class_list":["post-2423","page","type-page","status-publish","has-post-thumbnail","hentry"],"jetpack_sharing_enabled":true,"_links":{"self":[{"href":"https:\/\/www.tus-hilter-tischtennis.de\/wp\/index.php?rest_route=\/wp\/v2\/pages\/2423","targetHints":{"allow":["GET"]}}],"collection":[{"href":"https:\/\/www.tus-hilter-tischtennis.de\/wp\/index.php?rest_route=\/wp\/v2\/pages"}],"about":[{"href":"https:\/\/www.tus-hilter-tischtennis.de\/wp\/index.php?rest_route=\/wp\/v2\/types\/page"}],"author":[{"embeddable":true,"href":"https:\/\/www.tus-hilter-tischtennis.de\/wp\/index.php?rest_route=\/wp\/v2\/users\/1"}],"replies":[{"embeddable":true,"href":"https:\/\/www.tus-hilter-tischtennis.de\/wp\/index.php?rest_route=%2Fwp%2Fv2%2Fcomments&post=2423"}],"version-history":[{"count":4,"href":"https:\/\/www.tus-hilter-tischtennis.de\/wp\/index.php?rest_route=\/wp\/v2\/pages\/2423\/revisions"}],"predecessor-version":[{"id":2479,"href":"https:\/\/www.tus-hilter-tischtennis.de\/wp\/index.php?rest_route=\/wp\/v2\/pages\/2423\/revisions\/2479"}],"wp:featuredmedia":[{"embeddable":true,"href":"https:\/\/www.tus-hilter-tischtennis.de\/wp\/index.php?rest_route=\/wp\/v2\/media\/2452"}],"wp:attachment":[{"href":"https:\/\/www.tus-hilter-tischtennis.de\/wp\/index.php?rest_route=%2Fwp%2Fv2%2Fmedia&parent=2423"}],"curies":[{"name":"wp","href":"https:\/\/api.w.org\/{rel}","templated":true}]}}