{"id":2376,"date":"2023-10-18T07:53:02","date_gmt":"2023-10-18T05:53:02","guid":{"rendered":"https:\/\/www.tus-hilter-tischtennis.de\/wp\/?page_id=2376"},"modified":"2023-10-18T14:11:06","modified_gmt":"2023-10-18T12:11:06","slug":"chronik-1997-98","status":"publish","type":"page","link":"https:\/\/www.tus-hilter-tischtennis.de\/wp\/?page_id=2376","title":{"rendered":"Chronik 1997\/98"},"content":{"rendered":"<p>1997\/98<\/p>\n<p><strong>Vereinswechsel zum TuS Hilter<\/strong><br \/>\nHolger Drees wechselt von TSG Dissen zum TuS Hilter<br \/>\nChristoph Thiem wechselt von SV Bad Laer zum TuS Hilter<\/p>\n<p><strong>Tabellen 1997\/98<\/strong><\/p>\n<p><strong>1. Herren<\/strong><br \/>\n<strong>Kreisliga S\u00fcd<\/strong><\/p>\n<p>1. TV Georgsmarienh\u00fctte I 158:67 33:3<br \/>\n2. VfL Bad Iburg I 144:110 25:11<br \/>\n3. TV Wellingholzhausen I 137:117 22:14<br \/>\n4. SV Bad Laer II 131:118 22:14<br \/>\n5. VfL Kloster Oesesde II 128:107 20:16<br \/>\n6. TuS Borgloh I 127:116 20:16<br \/>\n7. TSG Dissen II 118:123 18:18<br \/>\n8. TuS Hilter I 111:137 12:24<br \/>\n9. SF Oesede II 75:154 4:32<br \/>\n10. TV Georgsmarienh\u00fctte II 78:158 4:32<\/p>\n<p><strong>1. Jugend<\/strong><br \/>\n<strong>Kreisklasse S\u00fcd<\/strong><\/p>\n<p>1. SV Bad Laer 120:35 32:4<br \/>\n2. TuS Borgloh II 117:39 32:4<br \/>\n3. VfL Kloster Oesede II 120:42 32:4<br \/>\n4. TSV Riemsloh II 88:73 19:17<br \/>\n5. Spvg. Oldendorf 89:84 17:19<br \/>\n6. TV Georgsmarienh\u00fctte II 71:91 17:19<br \/>\n7. BW Schwege 69:105 11:25<br \/>\n8. Spvg. Niedermark II 51:106 11:25<br \/>\n9. TuS Hilter 49:116 5:31<br \/>\n10. SF Oesede II 33:116 4:32<\/p>\n<p><strong>1. Sch\u00fcler<\/strong><br \/>\n<strong>2. Sch\u00fcler<\/strong><br \/>\n<strong>Kreisklasse S\u00fcd A (nicht der Abschlu\u00dfstand)<\/strong><\/p>\n<p>1. SV Bad Laer 132:24 37:1<br \/>\n2. SV Viktoria Gesmold I 112:44 31:3<br \/>\n3. TSG Dissen II 122:58 31:7<br \/>\n4. Spvg. Niedermark I 116:67 30:12<br \/>\n5. BSV Holzhausen II 115:78 27:11<br \/>\n6. VfL Bad Iburg II 91:87 21:17<br \/>\n7. TuS Hilter I 102:98 21:21<br \/>\n8. SV Viktoria Gesmold II 83:77 16:18<br \/>\n9. Spvg. Gaste-Hasbergen II 93:114 16:28<br \/>\n10. SF Oesede II 57:112 8:32<br \/>\n11. TuS Hilter II 68:128 8:34<br \/>\n12. Spvg. Niedermark II 33:119 6:34<br \/>\n13. Spvg. Niedermark III 8:126 2:36<\/p>\n<p><strong>Aufstellungen<\/strong><\/p>\n<p><strong>1. Herren &#8211; Kreisliga S\u00fcd<\/strong><br \/>\n1. Norbert Straede<br \/>\n2. Guido S\u00f6cker<br \/>\n3. Heiner Lippold<br \/>\n4. Friedhelm Pieper<br \/>\n5. Dietmar Schmidt<br \/>\n6. Gilbert Sprick<br \/>\n7. J\u00fcrgen Zastrow<\/p>\n<p><strong>2. Herren &#8211; 1. Kreisklasse<\/strong><br \/>\n1. Holger Drees<br \/>\n2. Matthias Schnieber<br \/>\n3. Uwe Neumann<br \/>\n4. Holger Straede<br \/>\n5. Markus Engler<br \/>\n6. Christoph Thiem<br \/>\n7. Adrian Sprick<\/p>\n<p><strong>3. Herren<\/strong><br \/>\n1. Udo Meyer<br \/>\n2. Helmut Sandmann<br \/>\n3. G\u00fcnter Riemer<br \/>\n4. J\u00f6rg Meyer<br \/>\n5. Franz Hehmann<br \/>\n6. Jochen Lieb<br \/>\n7. Heinz-Hermann Radtke<br \/>\n8. Klaus Komp<\/p>\n<p><strong>4. Herren<\/strong><br \/>\n1. Stefan Pohlmeyer<br \/>\n2. Stephan Hagedorn<br \/>\n3. Christian M\u00f6ller<br \/>\n4. Stefan Esdar<br \/>\n5. Carsten Otto<br \/>\n6. Christian Diekmeyer<br \/>\n7. Michael Fritz<br \/>\n8. Frank Kohlbrecher<\/p>\n<p><strong>1. Jugend &#8211; Kreisklasse S\u00fcd<\/strong><br \/>\n1. Nadeem Raufi<br \/>\n2. Daniel Fay<br \/>\n3. Damian Grzonka<br \/>\n4. Jens Tappmeyer<br \/>\n5. Klaus Leuschner<\/p>\n<p><strong>1. Sch\u00fcler &#8211; Kreisklasse S\u00fcd A<\/strong><br \/>\n1. Markus Kleine-Huster<br \/>\n2. Torsten Pahlk\u00f6tter<br \/>\n3. Andreas H\u00fcsing<br \/>\n4. Patrick Hippe<br \/>\n5. Kai Ruschhaupt<\/p>\n<p><strong>2. Sch\u00fcler &#8211; Kreisklasse S\u00fcd A<\/strong><br \/>\n1. Philip von der Burg<br \/>\n2. Oliver Wegmann<br \/>\n3. Jens Komp<br \/>\n4. Stephan Cecarnovic<br \/>\n5. Felix Nobbe<br \/>\n6. Sebastian Riethausen<\/p>\n<p><strong>Hinrunden Bilanzen<\/strong><\/p>\n<p><strong>1. Herren &#8211; Kreisliga S\u00fcd<\/strong><br \/>\n1. Norbert Straede 13:5<br \/>\n2. Guido S\u00f6cker 8:10<br \/>\n3. Heiner Lippold 2:0<br \/>\n4. Friedhelm Pieper 7:11<br \/>\n5. Dietmar Schmidt 6:12<br \/>\n6. J\u00fcrgen Zastrow 4:5<br \/>\n7. Gilbert Sprick 7:6<\/p>\n<p><strong>R\u00fcckrunden Bilanzen<\/strong><\/p>\n<p><strong>1. Herren &#8211; Kreisliga S\u00fcd (gesamte Saison)<\/strong><br \/>\n1. Norbert Straede 25:11<br \/>\n2. Guido S\u00f6cker 17:17<br \/>\n3. Heiner Lippold 3:3<br \/>\n4. Friedhelm Pieper 11:25<br \/>\n5. Dietmar Schmidt 7:22<br \/>\n6. Gilbert Sprick 10:15<br \/>\n7. J\u00fcrgen Zastrow 10:11<br \/>\nE Holger Straede 0:1<br \/>\nE Christoph Thiem 3:2<\/p>\n<p><strong>1. Jugend &#8211; Kreisklasse S\u00fcd<\/strong><br \/>\n1. Nadeem Raufi 10:12<br \/>\n2. Daniel Fay 1:6<br \/>\n3. Damian Grzonka 9:22<br \/>\n4. Jens Tappmeyer 5:14<br \/>\n5. Klaus Leuschner 4:17<br \/>\nE. Markus Kleine-Huster 6:1<br \/>\nE. Andreas H\u00fcsing 0:2<br \/>\nE Felix Nobbe 0:1<br \/>\nE Torsten Pahlk\u00f6tter 0:2<\/p>\n<p>&nbsp;<\/p>\n<p><strong>10 Jahre Tischtennis im TuS Hilter Jubil\u00e4umsturnier<\/strong><\/p>\n<p>Anl\u00e4\u00dflich dieses Jubil\u00e4ums, dass sich allerdings nur auf den Punktspielbetrieb bezieht, veranstalteten die Aktiven am 07.09.1997 ein kleines Tandem-Turnier (2er Mannschaften) f\u00fcr die umliegenden Vereine. Es starteten Spieler aus Borgloh, Hankenberge\/Wellendorf, Bad Iburg, Dissen und Bad Laer. Die Veranstaltung fand bei den Teilnehmern gro\u00dfen Anklang, darum wird nun \u00fcber eine Fortsetzung 1998 nachgedacht.<\/p>\n<p><strong>Vereinsmeisterschaften 1997<\/strong><br \/>\nLeitung Udo Meyer<\/p>\n<p>Doppel am Fr. 09.05.1997 19:00 Uhr<br \/>\nEinzel am Mo. 12.05.1997 19:00 Uhr<\/p>\n","protected":false},"excerpt":{"rendered":"<p>1997\/98 Vereinswechsel zum TuS Hilter Holger Drees wechselt von TSG Dissen zum TuS Hilter Christoph Thiem wechselt von SV Bad Laer zum TuS Hilter Tabellen 1997\/98 1. Herren Kreisliga S\u00fcd 1. TV Georgsmarienh\u00fctte I 158:67 33:3 2. VfL Bad Iburg I 144:110 25:11 3. TV Wellingholzhausen I 137:117 22:14 4. SV Bad Laer II 131:118 [&hellip;]<\/p>\n","protected":false},"author":1,"featured_media":0,"parent":0,"menu_order":0,"comment_status":"closed","ping_status":"closed","template":"","meta":{"_exactmetrics_skip_tracking":false,"_exactmetrics_sitenote_active":false,"_exactmetrics_sitenote_note":"","_exactmetrics_sitenote_category":0,"footnotes":""},"class_list":["post-2376","page","type-page","status-publish","hentry"],"jetpack_sharing_enabled":true,"_links":{"self":[{"href":"https:\/\/www.tus-hilter-tischtennis.de\/wp\/index.php?rest_route=\/wp\/v2\/pages\/2376","targetHints":{"allow":["GET"]}}],"collection":[{"href":"https:\/\/www.tus-hilter-tischtennis.de\/wp\/index.php?rest_route=\/wp\/v2\/pages"}],"about":[{"href":"https:\/\/www.tus-hilter-tischtennis.de\/wp\/index.php?rest_route=\/wp\/v2\/types\/page"}],"author":[{"embeddable":true,"href":"https:\/\/www.tus-hilter-tischtennis.de\/wp\/index.php?rest_route=\/wp\/v2\/users\/1"}],"replies":[{"embeddable":true,"href":"https:\/\/www.tus-hilter-tischtennis.de\/wp\/index.php?rest_route=%2Fwp%2Fv2%2Fcomments&post=2376"}],"version-history":[{"count":3,"href":"https:\/\/www.tus-hilter-tischtennis.de\/wp\/index.php?rest_route=\/wp\/v2\/pages\/2376\/revisions"}],"predecessor-version":[{"id":2387,"href":"https:\/\/www.tus-hilter-tischtennis.de\/wp\/index.php?rest_route=\/wp\/v2\/pages\/2376\/revisions\/2387"}],"wp:attachment":[{"href":"https:\/\/www.tus-hilter-tischtennis.de\/wp\/index.php?rest_route=%2Fwp%2Fv2%2Fmedia&parent=2376"}],"curies":[{"name":"wp","href":"https:\/\/api.w.org\/{rel}","templated":true}]}}