{"id":2329,"date":"2023-10-16T13:05:53","date_gmt":"2023-10-16T11:05:53","guid":{"rendered":"https:\/\/www.tus-hilter-tischtennis.de\/wp\/?page_id=2329"},"modified":"2023-11-10T09:58:52","modified_gmt":"2023-11-10T08:58:52","slug":"chronik-1992-93","status":"publish","type":"page","link":"https:\/\/www.tus-hilter-tischtennis.de\/wp\/?page_id=2329","title":{"rendered":"Chronik 1992\/93"},"content":{"rendered":"<p>1992\/93<\/p>\n<ul>\n<li>Der TuS Hilter spielt erstmals mit der 1. Herren in der Kreisliga<\/li>\n<li>Erstmals hat der TuS Hilter 5 Herrenmannschaften<\/li>\n<li>Am 29.05.1993 fanden wieder Freundschaftsspiele gegen den TTV Delden statt<\/li>\n<li>1. Herren qualifiziert sich f\u00fcr die Bezirkspokalendrunde und wird Bezirkspokalsieger Herren D<\/li>\n<\/ul>\n<p><strong>Tabellen 1992\/93<\/strong><\/p>\n<p><strong>1. Herren<\/strong><br \/>\n<strong>Kreisliga S\u00fcd<\/strong><\/p>\n<p>1. SC Glandorf 151:85 30:6<br \/>\n2. TV Georgsmarienh\u00fctte II 154:89 29:7<br \/>\n<strong>3. TuS Hilter 141:111 24:12<\/strong><br \/>\n4. TSG Dissen II 132:123 19:17<br \/>\n5. TSG Dissen III 128:120 19:17<br \/>\n6. Spvg. Gaste-Hasbergen II 121:134 18:18<br \/>\n7. SV Hagen II 114:132 14:22<br \/>\n8. TV Wellingholzhausen 115:128 13:23<br \/>\n9. VfL Kloster Oesede II 98:140 12:24<br \/>\n10. TuS Melle II 66:157 2:34<\/p>\n<p><strong>2. Herren<\/strong><br \/>\n<strong>3. Herren<\/strong><br \/>\n<strong>2. Kreisklasse S\u00fcd<\/strong><\/p>\n<p>1. SF Oesede III 174:53 38:2<br \/>\n2. SF Schledehausen III 176:56 38:2<br \/>\n3. SG Hankenberge\/Wellendorf 167:97 29:11<br \/>\n<strong>4. TuS Hilter II 150:82 28:12<\/strong><br \/>\n5. SV Bad Laer III 146:106 25:15<br \/>\n6. SG Hankenberge\/Wellendorf II 109:141 16:24<br \/>\n7. SF Oesede V 109:143 14:26<br \/>\n<strong>8. TuS Hilter III 107:156 14:26<\/strong><br \/>\n9. TV Wellingholzhausen III 101:164 11:29<br \/>\n10. TSG Dissen V 70:170 5:35<br \/>\n11. TV Bissendorf 46:177 2:38<\/p>\n<p><strong>4. Herren<\/strong><br \/>\n<strong>2. Kreisklasse West<\/strong><\/p>\n<p>1. TV Georgsmarienh\u00fctte III 161:32 35:1<br \/>\n2. VfL Bad Iburg II 149:60 32:4<br \/>\n3. SF Oesede IV 132:97 26:10<br \/>\n4. SV Harderberg 138:85 24:12<br \/>\n5. Spvg. Gaste-Hasbergen IV 124:108 19:17<br \/>\n6. Spvg. Gaste-Hasbergen V 105:124 15:21<br \/>\n7. VfL Kloster Oesede IV 92:120 13:23<br \/>\n8. SC Glandorf III 66:149 8:28<br \/>\n<strong>9. TuS Hilter IV 71:143 7:29<\/strong><br \/>\n10. VfL Bad Iburg III 41:161 1:35<\/p>\n<p><strong>5. Herren<\/strong><br \/>\n<strong>3. Kreisklasse S\u00fcd<\/strong><br \/>\n1. SC Glandorf IV 111:24 31:1<br \/>\n2. TSV Wallenhorst IV 108:27 29:3<br \/>\n3. TuS Glane V 88:52 20:12<br \/>\n4. BSV Holzhausen III 80:65 20:12<br \/>\n5. SC Glandorf V 72:79 15:17<br \/>\n6. SF Oesede VI 66:75 14:18<br \/>\n<strong>7. TuS Hilter V 44:93 8:24<\/strong><br \/>\n8. TuS Glane VI 36:102 5:27<br \/>\n9. BW Schwege 17:105 2:30<\/p>\n<p><strong>1. Jugend<\/strong><br \/>\n<strong>Kreisliga S\u00fcd<\/strong><\/p>\n<p>1. TV Wellingholzhausen 121:37 32:4<br \/>\n2. SC Glandorf 112:50 28:8<br \/>\n3. VfL Bad Iburg 114:57 27:9<br \/>\n4. TSV Riemsloh II 90:82 23:13<br \/>\n5. TuS Hilter 90:82 19:17<br \/>\n6. BSV Holzhausen 78:93 13:23<br \/>\n7. SG Hankenberge\/Wellendorf 82:104 12:24<br \/>\n8. VfL Kloster Oesede 65:103 12:24<br \/>\n9. SuS Buer 55:110 10:26<br \/>\n10. SF Oesede 23:112 4:32<\/p>\n<p><strong>1. Sch\u00fcler<\/strong><br \/>\n<strong>Kreisliga S\u00fcd<\/strong><\/p>\n<p>1. TSG Dissen I 106:28 29:3<br \/>\n<strong>2. TuS Hilter 107:52 27:5<\/strong><br \/>\n3. Spvg. Eicken 94:56 22:10<br \/>\n4. VfL Kloster Oesede 95:59 21:11<br \/>\n5. TSV Riemsloh II 74:87 15:17<br \/>\n6. VfL Bad Iburg 68:93 12:20<br \/>\n7. TSG Dissen II 64:84 10:22<br \/>\n8. SC Glandorf 37:106 6:26<br \/>\n9. SF Oesede 29:109 2:30<\/p>\n<p><strong>Aufstellungen<\/strong><\/p>\n<p><strong>1. Herren &#8211; Kreisliga S\u00fcd<\/strong><br \/>\n1. Ludger Schl\u00f6pker<br \/>\n2. Norbert Straede<br \/>\n3. Lothar H\u00f6ker<br \/>\n4. Peter Illemann<br \/>\n5. Karl Heckmann<br \/>\n6. Dietmar Schmidt<br \/>\nzur R\u00fcckrunde mit Holger Straede an 6 statt Karl Heckmann<\/p>\n<p><strong>2. Herren &#8211; 2. Kreisklasse S\u00fcd<\/strong><br \/>\n1. Friedhelm Pieper<br \/>\n2. J\u00fcrgen Zastrow<br \/>\n3. G\u00fcnter Riemer<br \/>\n4. Hans-Joachim Flade<br \/>\n5. Udo Meyer<br \/>\n6. J\u00f6rg Meyer<br \/>\n7. Martin Sch\u00f6ttmer<\/p>\n<p><strong>3. Herren &#8211; 2. Kreisklasse S\u00fcd<\/strong><br \/>\n1. Matthias Schnieber<br \/>\n2. Torsten Wiesmeier<br \/>\n3. Stefan Pohlmeyer<br \/>\n4. Michael Fritz<br \/>\n5. Stefan Esdar<br \/>\n6. Sascha Alexandrowitz<br \/>\n7. Volker Kairies<\/p>\n<p><strong>4. Herren &#8211; 2. Kreisklasse West<\/strong><br \/>\n1. Gilbert Sprick<br \/>\n2. Helmut Sandmann<br \/>\n3. Franz Hehmann<br \/>\n4. Horst Stresing<br \/>\n5. Jochen Lieb<br \/>\n6. Stefan Schaiper<\/p>\n<p><strong>5. Herren &#8211; 3. Kreisklasse S\u00fcd<\/strong><br \/>\nKlaus Komp<br \/>\nHeinz-Hermann Radtke<br \/>\nChristian Robakowski<br \/>\nStefan Hagedorn<br \/>\nFrank Kohlbrecher<br \/>\nDieter M\u00fchl<br \/>\nDirk G\u00f6rlich<\/p>\n<p><strong>m\u00e4nnliche Jugend &#8211; Kreisliga S\u00fcd<\/strong><br \/>\n1. Uwe Neumann<br \/>\n2. Adrian Sprick<br \/>\n3. Markus Engler<br \/>\n4. Holger Straede (nur Hinrunde)<br \/>\n5. Holger Landwehr<br \/>\n6. Ingo Temme<\/p>\n<p><strong>1. Sch\u00fcler &#8211; Kreisliga S\u00fcd<\/strong><br \/>\n1. Robin Kr\u00f6ning<br \/>\n2. Guido S\u00f6cker<br \/>\n3. Christian M\u00f6ller<br \/>\n4. Bastian Sommer<br \/>\n5. Edgar Sattinger<\/p>\n<p><strong>Hinrunden Bilanzen<\/strong><\/p>\n<p><strong>1. Herren &#8211; Kreisliga S\u00fcd<\/strong><br \/>\n1. Ludger Schl\u00f6pker 14:4<br \/>\n2. Norbert Straede 11:7<br \/>\n3. Lothar H\u00f6ker 7:4<br \/>\n4. Peter Illemann 12:5<br \/>\n5. Karl Heckmann 1:3<br \/>\n6. Dietmar Schmidt 7:7<br \/>\nG\u00f6rlich 0<br \/>\nE Matthias Schnieber 1:3<br \/>\nE Friedhelm Pieper 3:1<br \/>\nE Michael Fritz 0:1<\/p>\n<p><strong>2. Herren &#8211; 2. Kreisklasse S\u00fcd<\/strong><br \/>\n1. Friedhelm Pieper 14:5<br \/>\n2. J\u00fcrgen Zastrow 9:7<br \/>\n3. G\u00fcnter Riemer 7:7<br \/>\n4. Hans-Joachim Flade 8:6<br \/>\n5. Udo Meyer 11:1<br \/>\n6. J\u00f6rg Meyer 1:6<br \/>\n7. Martin Sch\u00f6ttmer 4:2<br \/>\nE Stefan Pohlmeyer 2:0<\/p>\n<p><strong>3. Herren &#8211; 2. Kreisklasse S\u00fcd<\/strong><br \/>\n1. Matthias Schnieber 10:7<br \/>\n2. Torsten Wiesmeier 1:3<br \/>\n3. Stefan Pohlmeyer 9:7<br \/>\n4. Michael Fritz 5:7<br \/>\n5. Stefan Esdar 2:4<br \/>\n6. Sascha Alexandrowitz 2:9<br \/>\n7. Volker Kairies 0:2<br \/>\nE Gilbert Sprick 2:2<br \/>\nE Helmut Sandmann 1:1<br \/>\nE Heinz-Hermann Radtke 0:1<br \/>\nE Frank Kohlbrecher 0:1<br \/>\nE Horst Stresing 3:1<br \/>\nE Jochen Lieb 2:1<\/p>\n<p><strong>m\u00e4nnliche Jugend &#8211; Kreisliga S\u00fcd<\/strong><br \/>\n1. Uwe Neumann 10:6<br \/>\n2. Adrian Sprick 5:10<br \/>\n3. Markus Engler 6:10<br \/>\n4. Holger Straede 11:5<br \/>\n5. Holger Landwehr 0:1<br \/>\nE Guido S\u00f6cker 1:0<\/p>\n<p><strong>1. Sch\u00fcler &#8211; Kreisliga S\u00fcd<\/strong><br \/>\n1. Robin Kr\u00f6ning 14:0<br \/>\n2. Guido S\u00f6cker 16:0<br \/>\n3. Christian M\u00f6ller 10:3<br \/>\n4. Bastian Sommer 2:11<br \/>\n5. Edgar Sattinger 0:4<\/p>\n<p><strong>R\u00fcckrunden Bilanzen<\/strong><\/p>\n<p><strong>m\u00e4nnliche Jugend &#8211; Kreisliga S\u00fcd<\/strong><br \/>\n1. Uwe Neumann 10:6<br \/>\n2. Adrian Sprick 4:6<br \/>\n3. Markus Engler 9:4<br \/>\n4. Holger Landwehr 6:3<br \/>\n5. Ingo Temme 0:2<br \/>\nE Robin Kr\u00f6ning 2:1<br \/>\nE Guido S\u00f6cker 2:1<br \/>\nE Edgar Sattinger 0:2<br \/>\nE Bastian Sommer 0:1<br \/>\nE Christian M\u00f6ller 0:1<\/p>\n<p><strong>1. Sch\u00fcler &#8211; Kreisliga S\u00fcd<\/strong><br \/>\n1. Robin Kr\u00f6ning 15:1<br \/>\n2. Guido S\u00f6cker 14:0<br \/>\n3. Christian M\u00f6ller 11:2<br \/>\n4. Bastian Sommer 0:11<br \/>\n5. Edgar Sattinger 0:2<\/p>\n<p><strong>Kreispokal<\/strong><br \/>\n1. Herren qualifiziert sich f\u00fcr die Endrunde und wird Dritter<br \/>\n<a href=\"http:\/\/www.tus-hilter-tischtennis.de\/wp\/wp-content\/uploads\/2023\/10\/KreispokalDritterPlatzTuSHilterI-scaled.jpg\"><img loading=\"lazy\" decoding=\"async\" class=\"alignnone size-medium wp-image-2437\" src=\"http:\/\/www.tus-hilter-tischtennis.de\/wp\/wp-content\/uploads\/2023\/10\/KreispokalDritterPlatzTuSHilterI-212x300.jpg\" alt=\"\" width=\"212\" height=\"300\" srcset=\"https:\/\/www.tus-hilter-tischtennis.de\/wp\/wp-content\/uploads\/2023\/10\/KreispokalDritterPlatzTuSHilterI-212x300.jpg 212w, https:\/\/www.tus-hilter-tischtennis.de\/wp\/wp-content\/uploads\/2023\/10\/KreispokalDritterPlatzTuSHilterI-722x1024.jpg 722w, https:\/\/www.tus-hilter-tischtennis.de\/wp\/wp-content\/uploads\/2023\/10\/KreispokalDritterPlatzTuSHilterI-768x1089.jpg 768w, https:\/\/www.tus-hilter-tischtennis.de\/wp\/wp-content\/uploads\/2023\/10\/KreispokalDritterPlatzTuSHilterI-1083x1536.jpg 1083w, https:\/\/www.tus-hilter-tischtennis.de\/wp\/wp-content\/uploads\/2023\/10\/KreispokalDritterPlatzTuSHilterI-1444x2048.jpg 1444w, https:\/\/www.tus-hilter-tischtennis.de\/wp\/wp-content\/uploads\/2023\/10\/KreispokalDritterPlatzTuSHilterI-scaled.jpg 1805w\" sizes=\"auto, (max-width: 212px) 100vw, 212px\" \/><\/a><br \/>\n1. Jugend qualifiziert sich f\u00fcr die Endrunde und trifft im Halbfinale auf den TuS Melle und bekommt je 2 Punkte pro Satz vor<\/p>\n<p><strong>Bezirkspokal<\/strong><br \/>\nDie 1. Herren hat sich in der Herren D Klasse f\u00fcr die Bezirkspokalendrunde am 05.06.1993 in L\u00f6ningen qualifiziert, mit dabei waren Elsflether TB II, OTB Osnabr\u00fcck IV, SV Wietmarschen und TuS Hilter und wird am Ende Bezirkspokalsieger Herren D.<\/p>\n<p><a href=\"http:\/\/www.tus-hilter-tischtennis.de\/wp\/wp-content\/uploads\/2023\/10\/BezirkspokalsiegerHerrenDTuSHilterI1993-scaled.jpg\"><img loading=\"lazy\" decoding=\"async\" class=\"alignnone size-medium wp-image-2341\" src=\"http:\/\/www.tus-hilter-tischtennis.de\/wp\/wp-content\/uploads\/2023\/10\/BezirkspokalsiegerHerrenDTuSHilterI1993-210x300.jpg\" alt=\"\" width=\"210\" height=\"300\" srcset=\"https:\/\/www.tus-hilter-tischtennis.de\/wp\/wp-content\/uploads\/2023\/10\/BezirkspokalsiegerHerrenDTuSHilterI1993-210x300.jpg 210w, https:\/\/www.tus-hilter-tischtennis.de\/wp\/wp-content\/uploads\/2023\/10\/BezirkspokalsiegerHerrenDTuSHilterI1993-718x1024.jpg 718w, https:\/\/www.tus-hilter-tischtennis.de\/wp\/wp-content\/uploads\/2023\/10\/BezirkspokalsiegerHerrenDTuSHilterI1993-768x1095.jpg 768w, https:\/\/www.tus-hilter-tischtennis.de\/wp\/wp-content\/uploads\/2023\/10\/BezirkspokalsiegerHerrenDTuSHilterI1993-1077x1536.jpg 1077w, https:\/\/www.tus-hilter-tischtennis.de\/wp\/wp-content\/uploads\/2023\/10\/BezirkspokalsiegerHerrenDTuSHilterI1993-1436x2048.jpg 1436w, https:\/\/www.tus-hilter-tischtennis.de\/wp\/wp-content\/uploads\/2023\/10\/BezirkspokalsiegerHerrenDTuSHilterI1993-scaled.jpg 1796w\" sizes=\"auto, (max-width: 210px) 100vw, 210px\" \/><\/a><\/p>\n<p><strong>Turniere:<\/strong><\/p>\n<p><strong>Kreismeisterschaften 10.10.1992 in Bad Essen:<\/strong><br \/>\nNorbert Straede 2. Platz Senioren I\/II &#8211; Einzel<br \/>\nNorbert Straede \/ Dietmar Schmidt (TuS Hilter) 1 .Platz Senioren I &#8211; Doppel<\/p>\n","protected":false},"excerpt":{"rendered":"<p>1992\/93 Der TuS Hilter spielt erstmals mit der 1. Herren in der Kreisliga Erstmals hat der TuS Hilter 5 Herrenmannschaften Am 29.05.1993 fanden wieder Freundschaftsspiele gegen den TTV Delden statt 1. Herren qualifiziert sich f\u00fcr die Bezirkspokalendrunde und wird Bezirkspokalsieger Herren D Tabellen 1992\/93 1. Herren Kreisliga S\u00fcd 1. SC Glandorf 151:85 30:6 2. TV [&hellip;]<\/p>\n","protected":false},"author":1,"featured_media":2341,"parent":0,"menu_order":0,"comment_status":"closed","ping_status":"closed","template":"","meta":{"_exactmetrics_skip_tracking":false,"_exactmetrics_sitenote_active":false,"_exactmetrics_sitenote_note":"","_exactmetrics_sitenote_category":0,"footnotes":""},"class_list":["post-2329","page","type-page","status-publish","has-post-thumbnail","hentry"],"jetpack_sharing_enabled":true,"_links":{"self":[{"href":"https:\/\/www.tus-hilter-tischtennis.de\/wp\/index.php?rest_route=\/wp\/v2\/pages\/2329","targetHints":{"allow":["GET"]}}],"collection":[{"href":"https:\/\/www.tus-hilter-tischtennis.de\/wp\/index.php?rest_route=\/wp\/v2\/pages"}],"about":[{"href":"https:\/\/www.tus-hilter-tischtennis.de\/wp\/index.php?rest_route=\/wp\/v2\/types\/page"}],"author":[{"embeddable":true,"href":"https:\/\/www.tus-hilter-tischtennis.de\/wp\/index.php?rest_route=\/wp\/v2\/users\/1"}],"replies":[{"embeddable":true,"href":"https:\/\/www.tus-hilter-tischtennis.de\/wp\/index.php?rest_route=%2Fwp%2Fv2%2Fcomments&post=2329"}],"version-history":[{"count":10,"href":"https:\/\/www.tus-hilter-tischtennis.de\/wp\/index.php?rest_route=\/wp\/v2\/pages\/2329\/revisions"}],"predecessor-version":[{"id":2438,"href":"https:\/\/www.tus-hilter-tischtennis.de\/wp\/index.php?rest_route=\/wp\/v2\/pages\/2329\/revisions\/2438"}],"wp:featuredmedia":[{"embeddable":true,"href":"https:\/\/www.tus-hilter-tischtennis.de\/wp\/index.php?rest_route=\/wp\/v2\/media\/2341"}],"wp:attachment":[{"href":"https:\/\/www.tus-hilter-tischtennis.de\/wp\/index.php?rest_route=%2Fwp%2Fv2%2Fmedia&parent=2329"}],"curies":[{"name":"wp","href":"https:\/\/api.w.org\/{rel}","templated":true}]}}