{"id":2315,"date":"2023-10-14T22:30:13","date_gmt":"2023-10-14T20:30:13","guid":{"rendered":"https:\/\/www.tus-hilter-tischtennis.de\/wp\/?page_id=2315"},"modified":"2023-10-17T17:02:08","modified_gmt":"2023-10-17T15:02:08","slug":"chronik-1991-92","status":"publish","type":"page","link":"https:\/\/www.tus-hilter-tischtennis.de\/wp\/?page_id=2315","title":{"rendered":"Chronik 1991\/92"},"content":{"rendered":"<figure id=\"attachment_2321\" aria-describedby=\"caption-attachment-2321\" style=\"width: 225px\" class=\"wp-caption alignright\"><a href=\"http:\/\/www.tus-hilter-tischtennis.de\/wp\/wp-content\/uploads\/2023\/10\/Spitzenspiel1991KLSued-TSGDissenIV-TuSHilter-scaled.jpg\"><img loading=\"lazy\" decoding=\"async\" class=\"size-medium wp-image-2321\" src=\"http:\/\/www.tus-hilter-tischtennis.de\/wp\/wp-content\/uploads\/2023\/10\/Spitzenspiel1991KLSued-TSGDissenIV-TuSHilter-225x300.jpg\" alt=\"\" width=\"225\" height=\"300\" srcset=\"https:\/\/www.tus-hilter-tischtennis.de\/wp\/wp-content\/uploads\/2023\/10\/Spitzenspiel1991KLSued-TSGDissenIV-TuSHilter-225x300.jpg 225w, https:\/\/www.tus-hilter-tischtennis.de\/wp\/wp-content\/uploads\/2023\/10\/Spitzenspiel1991KLSued-TSGDissenIV-TuSHilter-768x1024.jpg 768w, https:\/\/www.tus-hilter-tischtennis.de\/wp\/wp-content\/uploads\/2023\/10\/Spitzenspiel1991KLSued-TSGDissenIV-TuSHilter-1152x1536.jpg 1152w, https:\/\/www.tus-hilter-tischtennis.de\/wp\/wp-content\/uploads\/2023\/10\/Spitzenspiel1991KLSued-TSGDissenIV-TuSHilter-1536x2048.jpg 1536w, https:\/\/www.tus-hilter-tischtennis.de\/wp\/wp-content\/uploads\/2023\/10\/Spitzenspiel1991KLSued-TSGDissenIV-TuSHilter-scaled.jpg 1920w\" sizes=\"auto, (max-width: 225px) 100vw, 225px\" \/><\/a><figcaption id=\"caption-attachment-2321\" class=\"wp-caption-text\">Plakat der Dissener f\u00fcr das Spitzenspiel der Kreisliga S\u00fcd 1991 zwischen TSG Dissen IV und TuS Hilter I<\/figcaption><\/figure>\n<p>1991\/92<\/p>\n<ul>\n<li>In der Hinserie war tats\u00e4chlich die 2. Jugend Herbsmeister Punktgleich mit der 1. Jugend, die zweite hatte aber da noch ein besseres Spielverh\u00e4ltnis.<\/li>\n<li>Die erste Herren ist gerade erst in die 1. Kreisklasse S\u00fcd aufgestiegen und macht dank der zwei Neuzug\u00e4nge Ludger Schl\u00f6pker und Dietmar Schmidt den Durchmarsch zum Aufstieg in die Kreisliga S\u00fcd<\/li>\n<li>Gro\u00dfes Tamtam gab es bereits in der Hinrunde im Spitzenspiel zwischen der TSG Dissen IV und dem TuS Hilter, die Dissener fertigten eigens ein Spielplakat an mit dem Werbung f\u00fcr m\u00f6glichst viele Zuschauer in der kleinen Turnhalle in Dissen neben der Feuerwehr gemacht werden sollte.<\/li>\n<li>Die erste Sch\u00fcler spielt erstmals in der Bezirksklasse<\/li>\n<li>Am 30.11.1991 fand eine Weihnachtsfeier im Vereinsheim statt<\/li>\n<\/ul>\n<p><a href=\"http:\/\/www.tus-hilter-tischtennis.de\/wp\/wp-content\/uploads\/2023\/10\/Eintrittskarte_Spitzenspiel1991_KK1_TSGDissenIV-TuSHilterI.jpg\"><img loading=\"lazy\" decoding=\"async\" class=\"size-medium wp-image-2366 aligncenter\" src=\"http:\/\/www.tus-hilter-tischtennis.de\/wp\/wp-content\/uploads\/2023\/10\/Eintrittskarte_Spitzenspiel1991_KK1_TSGDissenIV-TuSHilterI-300x125.jpg\" alt=\"\" width=\"300\" height=\"125\" srcset=\"https:\/\/www.tus-hilter-tischtennis.de\/wp\/wp-content\/uploads\/2023\/10\/Eintrittskarte_Spitzenspiel1991_KK1_TSGDissenIV-TuSHilterI-300x125.jpg 300w, https:\/\/www.tus-hilter-tischtennis.de\/wp\/wp-content\/uploads\/2023\/10\/Eintrittskarte_Spitzenspiel1991_KK1_TSGDissenIV-TuSHilterI-1024x428.jpg 1024w, https:\/\/www.tus-hilter-tischtennis.de\/wp\/wp-content\/uploads\/2023\/10\/Eintrittskarte_Spitzenspiel1991_KK1_TSGDissenIV-TuSHilterI-768x321.jpg 768w, https:\/\/www.tus-hilter-tischtennis.de\/wp\/wp-content\/uploads\/2023\/10\/Eintrittskarte_Spitzenspiel1991_KK1_TSGDissenIV-TuSHilterI-1536x642.jpg 1536w, https:\/\/www.tus-hilter-tischtennis.de\/wp\/wp-content\/uploads\/2023\/10\/Eintrittskarte_Spitzenspiel1991_KK1_TSGDissenIV-TuSHilterI-2048x855.jpg 2048w\" sizes=\"auto, (max-width: 300px) 100vw, 300px\" \/><\/a><\/p>\n<p><strong>Vereinswechsel zum TuS Hilter<\/strong><br \/>\nLudger Schl\u00f6pker wechselt aus einem Verein des WTTV zum TuS Hilter<br \/>\nDietmar Schmidt wechsel vom VfL Bad Iburg zum TuS Hilter<\/p>\n<p><strong>Tabellen 1991\/92<\/strong><\/p>\n<p><strong>1. Herren<\/strong><br \/>\n<strong>1. Kreisklasse S\u00fcd<\/strong><\/p>\n<p><strong>1. TuS Hilter 142:35 30:2<\/strong><br \/>\n2. TSG Dissen IV 140:53 30:2<br \/>\n3. SF Oesede II 117:94 20:12<br \/>\n4. Spvg. Gaste-Hasbergen III 109:91 19:13<br \/>\n5. TuS Glane III 104:98 17:15<br \/>\n6. BSV Holzhausen II 87:131 9:23<br \/>\n7. TuS Glane IV 77:132 8:24<br \/>\n8. SC Glandorf II 70:130 6:26<br \/>\n9. VfL Bad Iburg II 56:138 5:27<\/p>\n<p><a href=\"http:\/\/www.tus-hilter-tischtennis.de\/wp\/wp-content\/uploads\/2023\/10\/Urkunde_Staffelsieger_1KK_TuSHilterI_1992-scaled.jpg\"><img loading=\"lazy\" decoding=\"async\" class=\"alignnone size-medium wp-image-2338\" src=\"http:\/\/www.tus-hilter-tischtennis.de\/wp\/wp-content\/uploads\/2023\/10\/Urkunde_Staffelsieger_1KK_TuSHilterI_1992-212x300.jpg\" alt=\"\" width=\"212\" height=\"300\" srcset=\"https:\/\/www.tus-hilter-tischtennis.de\/wp\/wp-content\/uploads\/2023\/10\/Urkunde_Staffelsieger_1KK_TuSHilterI_1992-212x300.jpg 212w, https:\/\/www.tus-hilter-tischtennis.de\/wp\/wp-content\/uploads\/2023\/10\/Urkunde_Staffelsieger_1KK_TuSHilterI_1992-724x1024.jpg 724w, https:\/\/www.tus-hilter-tischtennis.de\/wp\/wp-content\/uploads\/2023\/10\/Urkunde_Staffelsieger_1KK_TuSHilterI_1992-768x1087.jpg 768w, https:\/\/www.tus-hilter-tischtennis.de\/wp\/wp-content\/uploads\/2023\/10\/Urkunde_Staffelsieger_1KK_TuSHilterI_1992-1086x1536.jpg 1086w, https:\/\/www.tus-hilter-tischtennis.de\/wp\/wp-content\/uploads\/2023\/10\/Urkunde_Staffelsieger_1KK_TuSHilterI_1992-1447x2048.jpg 1447w, https:\/\/www.tus-hilter-tischtennis.de\/wp\/wp-content\/uploads\/2023\/10\/Urkunde_Staffelsieger_1KK_TuSHilterI_1992-scaled.jpg 1809w\" sizes=\"auto, (max-width: 212px) 100vw, 212px\" \/><\/a><\/p>\n<p><strong>2. Herren<\/strong><br \/>\n<strong>3. Herren<\/strong><br \/>\n<strong>2. Kreisklasse S\u00fcd<\/strong><\/p>\n<p>1. SV Bad Laer II 153:83 29:7<br \/>\n2. TuS Borgloh 147:95 28:8<br \/>\n3. SF Oesede III 142:80 27:9<br \/>\n4. SG Hankenberge\/Wellendorf 130:110 21:15<br \/>\n<strong>5. TuS Hilter II 125:111 21:15<\/strong><br \/>\n6. Spvg. Gaste-Hasbergen IV 122:114 17:19<br \/>\n7. SV Harderberg 120:128 17:19<br \/>\n8. SF Oesede IV 102:139 12:24<br \/>\n<strong>9. TuS Hilter III 87:143 7:29<\/strong><br \/>\n10. VfL Bad Iburg III 39:161 1:35<\/p>\n<p><strong>4. Herren<\/strong><br \/>\n<strong>3. Kreisklasse S\u00fcd<\/strong><\/p>\n<p>1. Spvg. Gaste-Hasbergen V 141:55 30:2<br \/>\n2. VfL Kloster Oesede IV 140:55 29:3<br \/>\n3. SuS Buer II 127:64 23:9<br \/>\n4. TSG Dissen V 106:94 17:15<br \/>\n5. SG Hankenberge\/Wellendorf II 114:77 16:16<br \/>\n6. TV Wellingholzhausen III 94:102 15:17<br \/>\n7. SV 28 Wissingen IV 73:131 6:26<br \/>\n<strong>8. TuS Hilter IV 66:137 6:26<\/strong><br \/>\n9. SF Oesede V 45:142 2:30<\/p>\n<p><strong>1. Jugend<\/strong><br \/>\n<strong>2. Jugend<\/strong><br \/>\n<strong>Kreisklasse S\u00fcd<\/strong><\/p>\n<p><strong>1. TuS Hilter I 133:62 35:5<\/strong><br \/>\n2. VfL Bad Iburg I 127:59 33:7<br \/>\n<strong>3. TuS Hilter II 130:57 31:9<\/strong><br \/>\n4. BSV Holzhausen II 110:83 26:14<br \/>\n5. SV Harderberg I 109:99 22:18<br \/>\n6. VfL Kloster Oesede II 100:103 22:18<br \/>\n7. TV Georgsmarienh\u00fctte 102:97 20:20<br \/>\n8. TuS Glane I 74:119 10:30<br \/>\n9. TuS Borgloh I 64:125 9:31<br \/>\n10. TSG Dissen II 76:127 8:32<br \/>\n11. VfL Bad Iburg II 43:136 3:37<\/p>\n<p><a href=\"http:\/\/www.tus-hilter-tischtennis.de\/wp\/wp-content\/uploads\/2023\/10\/Urkunde_Staffelsieger_mJKK_TuSHilterI_1992-scaled.jpg\"><img loading=\"lazy\" decoding=\"async\" class=\"alignnone size-medium wp-image-2339\" src=\"http:\/\/www.tus-hilter-tischtennis.de\/wp\/wp-content\/uploads\/2023\/10\/Urkunde_Staffelsieger_mJKK_TuSHilterI_1992-213x300.jpg\" alt=\"\" width=\"213\" height=\"300\" srcset=\"https:\/\/www.tus-hilter-tischtennis.de\/wp\/wp-content\/uploads\/2023\/10\/Urkunde_Staffelsieger_mJKK_TuSHilterI_1992-213x300.jpg 213w, https:\/\/www.tus-hilter-tischtennis.de\/wp\/wp-content\/uploads\/2023\/10\/Urkunde_Staffelsieger_mJKK_TuSHilterI_1992-728x1024.jpg 728w, https:\/\/www.tus-hilter-tischtennis.de\/wp\/wp-content\/uploads\/2023\/10\/Urkunde_Staffelsieger_mJKK_TuSHilterI_1992-768x1081.jpg 768w, https:\/\/www.tus-hilter-tischtennis.de\/wp\/wp-content\/uploads\/2023\/10\/Urkunde_Staffelsieger_mJKK_TuSHilterI_1992-1091x1536.jpg 1091w, https:\/\/www.tus-hilter-tischtennis.de\/wp\/wp-content\/uploads\/2023\/10\/Urkunde_Staffelsieger_mJKK_TuSHilterI_1992-1455x2048.jpg 1455w, https:\/\/www.tus-hilter-tischtennis.de\/wp\/wp-content\/uploads\/2023\/10\/Urkunde_Staffelsieger_mJKK_TuSHilterI_1992-scaled.jpg 1819w\" sizes=\"auto, (max-width: 213px) 100vw, 213px\" \/><\/a><\/p>\n<p><strong>1. Sch\u00fcler<\/strong><br \/>\n<strong>Bezirksklasse OSS\/OSL<\/strong><\/p>\n<p>1. SV 28 Wissingen 122:52 33:3<br \/>\n2. TV 01 Bohmte 118:46 30:6<br \/>\n3. Osnabr\u00fccker TB 109:50 28:8<br \/>\n4. TSV Riemsloh 95:76 22:14<br \/>\n5. VfR Voxtrup 93:90 21:15<br \/>\n6. Spvg. F\u00fcrstenau 90:94 17:19<br \/>\n7. SV Wimmer 69:108 11:25<br \/>\n8. TV Wellingholzhausen 74:111 10:26<br \/>\n<strong>9. TuS Hilter 59:116 6:30<\/strong><br \/>\n10. SSC Dodesheide 38:124 2:34<\/p>\n<p><strong>2. Sch\u00fcler<br \/>\nKreisliga S\u00fcd<\/strong><\/p>\n<p>Hinrundentabelle:<br \/>\n1. SC Glandorf I 55:12 15:1<br \/>\n2. TuS Melle I 50:19 14:2<br \/>\n3. Spvg. Gaste-Hasbergen I 49:23 12:4<br \/>\n4. TSG Dissen I 49:23 11:5<br \/>\n5. Spvg. Eicken I 29:39 6:10<br \/>\n<strong>6. TuS Hilter II 30:46 6:10<\/strong><br \/>\n7. SG Hankenberge\/Wellendorf I 21:50 4:12<br \/>\n8. Spvg. Niedermark I 9:56 0:16<\/p>\n<p>R\u00fcckrundentabelle bisher nicht in den Unterlagen gefunden<\/p>\n<p><strong>Aufstellung<\/strong><\/p>\n<p><strong>1. Herren &#8211; 1. Kreisklasse S\u00fcd<\/strong><br \/>\n1. Ludger Schl\u00f6pker<br \/>\n2. Norbert Straede<br \/>\n3. Lothar H\u00f6ker<br \/>\n4. Peter Illemann<br \/>\n5. Karl Heckmann<br \/>\n6. Dietmar Schmidt<\/p>\n<p><strong>2. Herren &#8211; 2. Kreisklasse S\u00fcd<\/strong><br \/>\n1. Friedhelm Pieper<br \/>\n2. Hans-Joachim Flade<br \/>\n3. J\u00fcrgen Zastrow<br \/>\n4 .G\u00fcnter Riemer<br \/>\n5 .Udo Meyer<br \/>\n6. J\u00f6rg Meyer<br \/>\n7. Martin Sch\u00f6ttmer<\/p>\n<p><strong>3. Herren &#8211; 2. Kreisklasse S\u00fcd<\/strong><br \/>\n1. Helmut Sandmann<br \/>\n2. Stefan Pohlmeyer<br \/>\n3. Michael Fritz<br \/>\n4. Franz Hehmann<br \/>\n5. Horst Stresing<br \/>\n6. Stefan Esdar<\/p>\n<p><strong>4. Herren &#8211; 3. Kreisklasse S\u00fcd<\/strong><br \/>\n1. Gilbert Sprick<br \/>\n2. Stefan Schaiper<br \/>\n3. Sascha Alexandrowitz<br \/>\n4. Jochen Lieb<br \/>\n5. Klaus Komp<br \/>\n6. Heinz-Hermann Radtke<br \/>\n7. Dieter M\u00fchl<br \/>\n8. Stephan Hagedorn<br \/>\n9. Frank Kohlbrecher<br \/>\n10. Alois Redecker<br \/>\n11. Christian Robakowski<br \/>\n12. Volker Kairies<\/p>\n<p><strong>1. Jugend &#8211; Kreisklasse S\u00fcd<\/strong><br \/>\n1. Matthias Schnieber<br \/>\n2. Torsten Wiesmeier<br \/>\n3. Holger Straede<br \/>\n4. Dirk Wrobel<br \/>\n5. Ansgar Hammerlage<br \/>\n6. Ingo Temme<br \/>\n7. Andreas Frost<\/p>\n<p><strong>2. Jugend &#8211; Kreisklasse S\u00fcd<\/strong><br \/>\n1. Uwe Neumann<br \/>\n2. Adrian Sprick<br \/>\n3. Markus Engler<br \/>\n4. Tobias Rupprecht<br \/>\n5. Andreas Kr\u00fctzmann<\/p>\n<p><strong>1. Sch\u00fcler &#8211; Bezirksklasse OSS\/OSL<\/strong><br \/>\n1. Marc Hollenberg<br \/>\n2. Holger Landwehr<br \/>\n3. Nico Schlingmann<br \/>\n4. Christian M\u00f6ller<\/p>\n<p><strong>2. Sch\u00fcler &#8211; Kreisliga S\u00fcd<\/strong><br \/>\n1. Ilja Rothenberger<br \/>\n2. Robin Kr\u00f6ning<br \/>\n3. Guido S\u00f6cker<br \/>\n4. Daniel St\u00f6ckmann<\/p>\n<p><strong>Bilanzen Hinrunde<\/strong><\/p>\n<p><strong>1. Jugend &#8211; Kreisklasse S\u00fcd<\/strong><br \/>\n1. Matthias Schnieber 10:4<br \/>\n2. Torsten Wiesmeier 14:1<br \/>\n3. Holger Straede 11:5<br \/>\n4. Dirk Wrobel 0:5<br \/>\n5. Ansgar Hammerlage 0:3<br \/>\n6. Ingo Temme 2:7<br \/>\n7. Andreas Frost 0<br \/>\nE: Markus Engler 3:0<br \/>\nE: Adrian Sprick 3:0<br \/>\nE: Uwe Neumann 2:3<\/p>\n<p><strong>2. Jugend &#8211; Kreisklasse S\u00fcd<\/strong><br \/>\n1. Uwe Neumann 9:4<br \/>\n2. Adrian Sprick 11:5<br \/>\n3. Markus Engler 11:4<br \/>\n4. Tobias Rupprecht 12:5<br \/>\n5. Andreas Kr\u00fctzmann 2:0<br \/>\nE: Holger Landwehr 3:0<br \/>\nE: Christian M\u00f6ller 0:2<\/p>\n<p><strong>1. Sch\u00fcler &#8211; Bezirksklasse OSS\/OSL<\/strong><br \/>\n1. Marc Hollenberg 5:7<br \/>\n2. Holger Landwehr 3:14<br \/>\n3. Nico Schlingmann 3:5<br \/>\n4. Christian M\u00f6ller 3:12<br \/>\nErsatz 5:6<\/p>\n<p><strong>2. Sch\u00fcler &#8211; Kreisliga S\u00fcd<\/strong><br \/>\n1. Ilja Rothenberger 6:8<br \/>\n2. Robin Kr\u00f6ning 6:6<br \/>\n3. Guido S\u00f6cker 6:5<br \/>\n4. Daniel St\u00f6ckmann 0:11<\/p>\n<p><strong>Bilanzen R\u00fcckrunde<\/strong><\/p>\n<p><strong>1. Jugend &#8211; Kreisklasse S\u00fcd<\/strong><br \/>\n1. Matthias Schnieber 16:0<br \/>\n2. Torsten Wiesmeier 17:2<br \/>\n3. Holger Straede 12:6<br \/>\n4. Dirk Wrobel 0<br \/>\n5. Ansgar Hammerlage 0<br \/>\n6. Ingo Temme 3:12<br \/>\n7. Andreas Frost 0<br \/>\nE: Adrian Sprick 2:0<br \/>\nE: Uwe Neumann 2:0<\/p>\n<p><strong>2. Jugend &#8211; Kreisklasse S\u00fcd<\/strong><br \/>\n1. Uwe Neumann 17:3<br \/>\n2. Adrian Sprick 12:4<br \/>\n3. Markus Engler 13:2<br \/>\n4. Tobias Rupprecht 5:6<br \/>\n5. Andreas Kr\u00fctzmann 0<br \/>\nE: Holger Landwehr 2:0<br \/>\nE: Christian M\u00f6ller 2:0<\/p>\n<p><strong>Kreispokal<\/strong><\/p>\n<p><strong>1. Herren<\/strong><\/p>\n<p>Viertelfinale: SV Wissingen I &#8211; TuS Hilter I (bekommt 6 Punkt Vorgabe pro Satz) 5:4 (Wissingen spielte mit Niekamp, Precht Schulke gegen Hilter mit Schl\u00f6pker, N. Straede, H\u00f6ker; Hilteraner Punkte durch jeweils 2x Schl\u00f6pker und N. Straede)<\/p>\n<p><strong>Vereinsmeisterschaften 1991<\/strong><\/p>\n<p>Jugend:<br \/>\n1. Matthias Schnieber<br \/>\n2. Torsten Wiesmeier<br \/>\n3. Uwe Neumann<\/p>\n<p>5. Holger Straede<\/p>\n<p>Sch\u00fcler<br \/>\n1. Robin Kr\u00f6ning<br \/>\n2. Guido S\u00f6cker<br \/>\n3. Christian M\u00f6ller<\/p>\n","protected":false},"excerpt":{"rendered":"<p>1991\/92 In der Hinserie war tats\u00e4chlich die 2. Jugend Herbsmeister Punktgleich mit der 1. Jugend, die zweite hatte aber da noch ein besseres Spielverh\u00e4ltnis. Die erste Herren ist gerade erst in die 1. Kreisklasse S\u00fcd aufgestiegen und macht dank der zwei Neuzug\u00e4nge Ludger Schl\u00f6pker und Dietmar Schmidt den Durchmarsch zum Aufstieg in die Kreisliga S\u00fcd [&hellip;]<\/p>\n","protected":false},"author":1,"featured_media":2321,"parent":0,"menu_order":0,"comment_status":"closed","ping_status":"closed","template":"","meta":{"_exactmetrics_skip_tracking":false,"_exactmetrics_sitenote_active":false,"_exactmetrics_sitenote_note":"","_exactmetrics_sitenote_category":0,"footnotes":""},"class_list":["post-2315","page","type-page","status-publish","has-post-thumbnail","hentry"],"jetpack_sharing_enabled":true,"_links":{"self":[{"href":"https:\/\/www.tus-hilter-tischtennis.de\/wp\/index.php?rest_route=\/wp\/v2\/pages\/2315","targetHints":{"allow":["GET"]}}],"collection":[{"href":"https:\/\/www.tus-hilter-tischtennis.de\/wp\/index.php?rest_route=\/wp\/v2\/pages"}],"about":[{"href":"https:\/\/www.tus-hilter-tischtennis.de\/wp\/index.php?rest_route=\/wp\/v2\/types\/page"}],"author":[{"embeddable":true,"href":"https:\/\/www.tus-hilter-tischtennis.de\/wp\/index.php?rest_route=\/wp\/v2\/users\/1"}],"replies":[{"embeddable":true,"href":"https:\/\/www.tus-hilter-tischtennis.de\/wp\/index.php?rest_route=%2Fwp%2Fv2%2Fcomments&post=2315"}],"version-history":[{"count":11,"href":"https:\/\/www.tus-hilter-tischtennis.de\/wp\/index.php?rest_route=\/wp\/v2\/pages\/2315\/revisions"}],"predecessor-version":[{"id":2375,"href":"https:\/\/www.tus-hilter-tischtennis.de\/wp\/index.php?rest_route=\/wp\/v2\/pages\/2315\/revisions\/2375"}],"wp:featuredmedia":[{"embeddable":true,"href":"https:\/\/www.tus-hilter-tischtennis.de\/wp\/index.php?rest_route=\/wp\/v2\/media\/2321"}],"wp:attachment":[{"href":"https:\/\/www.tus-hilter-tischtennis.de\/wp\/index.php?rest_route=%2Fwp%2Fv2%2Fmedia&parent=2315"}],"curies":[{"name":"wp","href":"https:\/\/api.w.org\/{rel}","templated":true}]}}