{"id":577,"date":"2016-12-30T16:39:09","date_gmt":"2016-12-30T15:39:09","guid":{"rendered":"http:\/\/www.tus-hilter-tischtennis.de\/wp\/?page_id=577"},"modified":"2016-12-30T16:39:09","modified_gmt":"2016-12-30T15:39:09","slug":"ausschreibung-2017","status":"publish","type":"page","link":"http:\/\/www.tus-hilter-tischtennis.de\/wp\/?page_id=577","title":{"rendered":"Ausschreibung 2017"},"content":{"rendered":"<h1 style=\"text-align: center;\">5. internationale Tischtennis \u201eRankenbach \u2013 Open&#8220; des TuS Hilter<\/h1>\n<h1 style=\"text-align: center;\">23.-25.06.2017<\/h1>\n<p style=\"text-align: center;\"><span style=\"color: #ff0000;\"><b><strong>Live Ergebnis- und Tisch-\/Aufrufanzeige auf Monitoren in Kantine und Halle !!!<\/strong><\/b><\/span><\/p>\n<table class=\" aligncenter\">\n<tbody>\n<tr>\n<td>Einzel-Vorrunde in 4er-Gruppen,Einzelhauptrunde und Doppel im K.O.-System.<em><b><strong>Das Turnier ist TTR relevant !<\/strong><\/b><\/em><\/td>\n<td><b><strong>Freitag, 23.06.2017<\/strong><\/b><\/p>\n<p>Mixed offen (2er Mannschaft, Einzel TTR relevant) 18:00 Uhr<br \/>\nHobby-Jugend 18:00 Uhr<br \/>\nHobby-Erwachsene 19:00 Uhr<\/td>\n<\/tr>\n<tr>\n<td><b><strong>Samstag, 24.06.2017<\/strong><\/b><\/p>\n<p>Sch\u00fclerinnen 9.00 Uhr (Jahrgang &gt;=2002)<br \/>\nSch\u00fcler B 9.30 Uhr (Jahrgang &gt;=2004)<br \/>\nJungen A 10.00 Uhr (Jahrgang &gt;=1999)<br \/>\nHerren F 11:00 Uhr (QTTR bis 1350)<br \/>\nHerren D 13.00 Uhr (QTTR bis 1600)<br \/>\nDamen A 15.00 Uhr (QTTR bis 3000)<br \/>\nHerren B 15.00 Uhr (QTTR bis 1850)<\/td>\n<td><b><strong>Sonntag, 25.06.2017<\/strong><\/b><\/p>\n<p>Sch\u00fcler A 9.00 Uhr (Jahrgang &gt;=2002)<br \/>\nM\u00e4dchen 9.30 Uhr (Jahrgang &gt;=1999)<br \/>\nJungen B 10.00 Uhr (Jahrgang &gt;1999 und QTTR bis 1250)<br \/>\nDamen B 11:00 Uhr (QTTR bis 1400)<br \/>\nHerren E 11.00 Uhr (QTTR bis 1450)<br \/>\nHerren C 13.00 Uhr (QTTR bis 1700)<br \/>\nHerren A 15.00 Uhr (QTTR bis 3000)<\/td>\n<\/tr>\n<\/tbody>\n<\/table>\n<p style=\"text-align: center;\">Ranglistenbezug (Q-TTR) ist der 11. Mai 2017 !<\/p>\n<p style=\"text-align: center;\"><b><strong>\u00a0<\/strong><\/b><\/p>\n<p style=\"text-align: center;\"><b><strong>Weitere Infos und Anmeldung unter:<\/strong><\/b><\/p>\n<p style=\"text-align: center;\"><a href=\"http:\/\/www.tus-hilter-tischtennis.de\/\"><b><strong>www.tus-hilter-tischtennis.de<\/strong><\/b><\/a><\/p>\n<p style=\"text-align: center;\">Holger Straede\u00a0\u00a0\u00a0\u00a0\u00a0\u00a0 Telefon: 0541\/9998927<\/p>\n<p style=\"text-align: center;\">Rehmstr. 119, 49080 Osnabr\u00fcck<\/p>\n<p style=\"text-align: center;\"><a href=\"mailto:holger@straede.de\">holger@straede.de<\/a><\/p>\n<p style=\"text-align: center;\">M\u00f6glichst bitte Online oder per E-Mail \u2013 Danke !<\/p>\n<p><!--\n\n\n<h3 style=\"text-align: center;\"><b><strong><a href=\"http:\/\/www.tus-hilter-tischtennis.de\/rankenbachopen\/anmeldung\/formular.php\">Anmeldeformular Rankenbach-Open 2016<\/a><\/strong><\/b><\/h3>\n\n\n--><\/p>\n<h3 style=\"text-align: center;\"><a href=\"http:\/\/www.tus-hilter-tischtennis.de\/RankenbachOpen_Ausschreibung2017_Druck.pdf\" target=\"_blank\"><b><strong>Ausschreibung als Download<\/strong><\/b><\/a><\/h3>\n<p><b><strong>Meldeschluss:<\/strong><\/b><\/p>\n<p>Donnerstag, 22.06.2016 23:55 \/ Nachmeldung bis 30 Minuten vor Spielklassenbeginn m\u00f6glich<\/p>\n<p><b><strong>Austragungsort:<\/strong><\/b><\/p>\n<p>Ulrich-Rau-Sporthalle<\/p>\n<p>M\u00fcnsterstr. 20<\/p>\n<p>49176 Hilter am Teutoburger Wald<\/p>\n<p><b><strong>Teilnehmerkreis:<\/strong><\/b><\/p>\n<p>ITTF<\/p>\n<p><b><strong>Spielsystem:<\/strong><\/b><\/p>\n<p>Einzel: Vorrunde: 3-er und 4-er Gruppen<\/p>\n<p>Hauptrunde: KO-System f\u00fcr die Gruppenersten und \u2013zweiten<\/p>\n<p>Doppel: KO-System<\/p>\n<p>Mixed-2er Mannschaft: D-D,w-w,m-m gespielt werden alle Paarungen (S\u00e4tze bis 11, Einzel TTR relevant)<\/p>\n<p>3 Gewinns\u00e4tze<\/p>\n<p><b><strong>Klasseneinteilung:<\/strong><\/b><\/p>\n<p>Nach Q-TTR Wert vom 11. Mai 2017, sonst auf Anfrage<\/p>\n<p>Einteilung f\u00fcr Nicht-QTTR Spieler\/innen und die Niederlande. Hat allerdings ein Spieler\/in einen QTTR-Wert, da schon mal in Deutschland gespielt, mu\u00df dieser angegeben werden und wird zur Einteilung verwendet. Spieler\/innen ohne QTTR-Wert NL<\/p>\n<p>Damen A Regionalliga (3.Klasse) B<br \/>\nDamen B 6. Klasse D<br \/>\nHerren A Regionalliga (3.Klasse) B<br \/>\nHerren B 5. Klasse C<br \/>\nHerren C 7. Klasse D<br \/>\nHerren D 9. Klasse E<br \/>\nHerren E Zweitunterste Klasse F<br \/>\nHerren F unterste Klasse<\/p>\n<p><b><strong>Startberechtigung:<\/strong><\/b><\/p>\n<p>Aktive mit g\u00fcltiger Spielberechtigung. Die Mannschaftsmeldeformulare und Spielgenehmigungen sind vor Turnierbeginn auf Wunsch der Turnierleitung vorzulegen.<\/p>\n<p>Achtung! Doppelstarts an einem Tag sind nur m\u00f6glich, wenn der Spieler oder die Spielerin die erste Klasse beendet hat, bevor die zweite Klasse startet.<\/p>\n<p>Bei diesem Turnier handelt es sich um eine TTR-relevante Konkurrenz und wird im Turniermodul von click-TT erfasst. F\u00fcr Teilnehmer aus Nicht-click-TT-Verb\u00e4nden und aus dem Ausland besteht die M\u00f6glichkeit, sich beim Generalsekretariat\u00a0des DTTB unter der E-Mail- Adresse <a href=\"mailto:spielerregistrierung@tischtennis.de\">spielerregistrierung@tischtennis.de<\/a> unter der Angabe von Name, Vorname, Geschlecht, Geburtsdatum, Nationalit\u00e4t und Vereins-\/Verbandszugeh\u00f6rigkeit in die Datenbank click-TT aufnehmen zu lassen.<\/p>\n<p><b><strong>F\u00fcr die Hobby-Klassen darf bisher noch keine aktive Spielberechtigung vorhanden gewesen sein ! Es sollen reine Hobby-Klassen sein.<\/strong><\/b><\/p>\n<p><b><strong>Startgeb\u00fchren:<\/strong><\/b><\/p>\n<p>Damen\/Herren 7,- \u20ac<br \/>\nHobby-Erwachsene: 5,- \u20ac<br \/>\nJugend\/Sch\u00fcler 3,- \u20ac<br \/>\nMixed 10,- \u20ac pro Mannschaft<br \/>\nNachmeldegeb\u00fchr pro Spieler 1,- \u20ac<\/p>\n<p><b><strong>Schiedsgericht:<\/strong><\/b><\/p>\n<p>Wird vor Beginn des Turniers benannt.<\/p>\n<p><b><strong>Oberschiedsrichter:<\/strong><\/b><\/p>\n<p>Fr.-Sa. Uwe Weng (NSR WTTV), So. Carsten Krieger (VSR TTVN)<\/p>\n<p><b><strong>Turnierleitung:<\/strong><\/b><\/p>\n<p>Mitglieder des TuS Hilter von 1902 e.V.<\/p>\n<p><b><strong>Auslosung:<\/strong><\/b><\/p>\n<p>Die Auslosungen finden ca. 15 Min. vor der jeweiligen Turnierklasse bei der Turnierleitung statt.<\/p>\n<p><b><strong>Spielregeln:<\/strong><\/b><\/p>\n<p>Gespielt wird nach den Regeln der ITTF (deutsche Fassung) und der Wettspielordnung (WO) des DTTB unter Ber\u00fccksichtigung der Ausf\u00fchrungsbestimmungen (AB) und der Rechtsordnung (RO) des TTVN. Der Meldende ist verpflichtet, die Spielerinnen &amp; Spieler darauf hinzuweisen, dass Spieler, deren tats\u00e4chliche Leistungsst\u00e4rke ihrer Einstufung in der Leistungsklasse offensichtlich nicht entspricht, vom Veranstalter bzw. Durchf\u00fchrer in eine h\u00f6here Leistungsklasse eingestuft werden k\u00f6nnen.<\/p>\n<p>Abweichung in der Mixed-Mannschaft: Satz bis zum 15. Punkt (damit nicht TTR-Relevant)<\/p>\n<p>Die Turnierleitung beh\u00e4lt sich notwendige \u00c4nderungen vor.<\/p>\n<p><b><strong>Spielmaterial:<\/strong><\/b><\/p>\n<p>18 wettkampfgerechte Tische + Netze sowie DHS*** B\u00e4lle.<\/p>\n<p><b><strong>Pokale \/ Urkunden \/ Preise:<\/strong><\/b><\/p>\n<p>&#8211; In allen Klassen (Nachwuchsklassen &amp; Erwachsenenklassen)\u00a0werden die dritten Pl\u00e4tze nicht ausgespielt!<\/p>\n<p>&#8211; In allen Doppelkonkurrenzen werden f\u00fcr die Finalisten Urkunden + Medaillen\u00a0vergeben<\/p>\n<p>&#8211; Besitzpokale f\u00fcr die ersten drei im Einzel in allen Nachwuchsklassen<\/p>\n<p><b><strong>Preisgelder:<br \/>\n<\/strong><\/b>Damen A &amp; Herren A:<br \/>\n1. 120,00 \u20ac<br \/>\n2. 60,00 \u20ac<br \/>\n3. 30,00 \u20ac<\/p>\n<p>Herren B &amp; Mixed (proMannschaft):<br \/>\n1. 60,00 \u20ac<br \/>\n2. 30,00 \u20ac<br \/>\n3. 20,00 \u20ac<\/p>\n<p>Damen B, Herren C &amp; D &amp; E &amp; F:<br \/>\n1. 40,00 \u20ac<br \/>\n2. 20,00 \u20ac<br \/>\n3. 10,00 \u20ac<\/p>\n<p>Hobby-Erwachsene:<br \/>\n1. 20,00 \u20ac<br \/>\n2. 10,00 \u20ac<br \/>\n3. 5,00 \u20ac<\/p>\n<p><b><strong>Vorbehalte der Turnierleitung:<\/strong><\/b><\/p>\n<p>Die Turnierleitung beh\u00e4lt sich notwendige \u00c4nderungen der Ausschreibung und Streichungen vor. Insbesondere beinhaltet dies den Vorbehalt die Teilnehmerfelder einzelner Klassen zu begrenzen und die Anmeldefrist vor dem offiziellen Meldeschluss zu beenden.<\/p>\n<p>Hinweis: An allen Turniertagen werden kleine Speisen und Getr\u00e4nke zu gewohnt g\u00fcnstigen Preisen in der Halle angeboten.<\/p>\n","protected":false},"excerpt":{"rendered":"<p>5. internationale Tischtennis \u201eRankenbach \u2013 Open&#8220; des TuS Hilter 23.-25.06.2017 Live Ergebnis- und Tisch-\/Aufrufanzeige auf Monitoren in Kantine und Halle !!! Einzel-Vorrunde in 4er-Gruppen,Einzelhauptrunde und Doppel im K.O.-System.Das Turnier ist TTR relevant ! Freitag, 23.06.2017 Mixed offen (2er Mannschaft, Einzel TTR relevant) 18:00 Uhr Hobby-Jugend 18:00 Uhr Hobby-Erwachsene 19:00 Uhr Samstag, 24.06.2017 Sch\u00fclerinnen 9.00 Uhr [&hellip;]<\/p>\n","protected":false},"author":1,"featured_media":0,"parent":0,"menu_order":0,"comment_status":"closed","ping_status":"closed","template":"","meta":{"_exactmetrics_skip_tracking":false,"_exactmetrics_sitenote_active":false,"_exactmetrics_sitenote_note":"","_exactmetrics_sitenote_category":0,"footnotes":""},"class_list":["post-577","page","type-page","status-publish","hentry"],"jetpack_sharing_enabled":true,"_links":{"self":[{"href":"http:\/\/www.tus-hilter-tischtennis.de\/wp\/index.php?rest_route=\/wp\/v2\/pages\/577","targetHints":{"allow":["GET"]}}],"collection":[{"href":"http:\/\/www.tus-hilter-tischtennis.de\/wp\/index.php?rest_route=\/wp\/v2\/pages"}],"about":[{"href":"http:\/\/www.tus-hilter-tischtennis.de\/wp\/index.php?rest_route=\/wp\/v2\/types\/page"}],"author":[{"embeddable":true,"href":"http:\/\/www.tus-hilter-tischtennis.de\/wp\/index.php?rest_route=\/wp\/v2\/users\/1"}],"replies":[{"embeddable":true,"href":"http:\/\/www.tus-hilter-tischtennis.de\/wp\/index.php?rest_route=%2Fwp%2Fv2%2Fcomments&post=577"}],"version-history":[{"count":1,"href":"http:\/\/www.tus-hilter-tischtennis.de\/wp\/index.php?rest_route=\/wp\/v2\/pages\/577\/revisions"}],"predecessor-version":[{"id":578,"href":"http:\/\/www.tus-hilter-tischtennis.de\/wp\/index.php?rest_route=\/wp\/v2\/pages\/577\/revisions\/578"}],"wp:attachment":[{"href":"http:\/\/www.tus-hilter-tischtennis.de\/wp\/index.php?rest_route=%2Fwp%2Fv2%2Fmedia&parent=577"}],"curies":[{"name":"wp","href":"https:\/\/api.w.org\/{rel}","templated":true}]}}