{"id":2404,"date":"2023-10-19T16:32:16","date_gmt":"2023-10-19T14:32:16","guid":{"rendered":"https:\/\/www.tus-hilter-tischtennis.de\/wp\/?page_id=2404"},"modified":"2023-10-19T17:21:51","modified_gmt":"2023-10-19T15:21:51","slug":"chronik-2001-02","status":"publish","type":"page","link":"http:\/\/www.tus-hilter-tischtennis.de\/wp\/?page_id=2404","title":{"rendered":"Chronik 2001\/02"},"content":{"rendered":"<p>2001\/02<\/p>\n<p><strong>Tabellen 2001\/02<\/strong><\/p>\n<p><strong>1. Herren<\/strong><br \/>\n<strong>Kreisliga S\u00fcd<\/strong><\/p>\n<p><strong>2. Herren<\/strong><br \/>\n<strong>1. Kreisklasse S\u00fcd<\/strong><\/p>\n<p><strong>3. Herren<\/strong><br \/>\n<strong>4. Herren<\/strong><br \/>\n<strong>5. Herren<\/strong><br \/>\n<strong>3. Kreisklasse S\u00fcd<\/strong><\/p>\n<p><strong>1. Jugend<\/strong><br \/>\n<strong>Kreisliga<\/strong><\/p>\n<p>1. TSV Westerhausen I 148:45 39:5<br \/>\n2. Spvg. Niedermark I 144:60 38:6<br \/>\n3. Kloster Oesede I 142:60 36:8<br \/>\n4. SF Schledehausen I 112:100 26:18<br \/>\n<strong>5. TuS Hilter I 119:109 24:20<\/strong><br \/>\n6. Spvg. Oldendorf II 113:113 18:26<br \/>\n7. OfV Ostercappeln I 105:117 18:26<br \/>\n8. TSG Dissen II 79:128 16:28<br \/>\n9. SV Wissingen II 89:120 15:29<br \/>\n10. SF Lechtingen I 86:128 13:31<br \/>\n11. SVC Belm-Powe II 68:134 13:31<br \/>\n12. TSV Wallenhorst I 50:141 8:36<\/p>\n<p><strong>1. Sch\u00fcler<br \/>\nKreisliga S\u00fcd<\/strong><\/p>\n<p>&nbsp;<\/p>\n<p><strong>Aufstellungen<\/strong><\/p>\n<p><strong>1. Herren &#8211; Kreisliga S\u00fcd<\/strong><br \/>\n1. Norbert Straede<br \/>\n2. Markus Engler<br \/>\n3. Stephan Hagedorn<br \/>\n4. Stefan Pohlmeyer<br \/>\n5. Friedhelm Pieper<br \/>\n6. Christian M\u00f6ller<br \/>\n7. Heiner Lippold<\/p>\n<p><strong>2. Herren &#8211; 1. Kreisklasse<\/strong><br \/>\n1. J\u00fcrgen Zastow<br \/>\n2. Holger Sraede<br \/>\n3. Gilbert Sprick<br \/>\n4. Carsten Otto<br \/>\n5. Michael Fritz<br \/>\n6. Meyer Udo<\/p>\n<p><strong>3. Herren &#8211; 3. Kreisklasse<\/strong><br \/>\n1. G\u00fcnter Riemer<br \/>\n2. Franz Hehmann<br \/>\n3. J\u00f6rg Meyer<br \/>\n4. Jochen Lieb<\/p>\n<p><strong>4. Herren &#8211; 3. Kreisklasse<\/strong><br \/>\n1. Dietmar Schmidt (SPV)<br \/>\n2. Stefan Esdar<br \/>\n3. Steffen V\u00f6lz<br \/>\n4. Michael Vlamink<br \/>\n5. Reinhard Mronga<\/p>\n<p><strong>5. Herren &#8211; 3. Kreisklasse<\/strong><br \/>\n1. Klaus Komp<br \/>\n2. Heinz-Hermann Radtke<br \/>\n3. Martin Welp<br \/>\n4. Stefan Tillner<br \/>\n5. J\u00f6rg Piehl<br \/>\n6. Dirk Ahrend<\/p>\n<p><strong>1. Jugend &#8211; Kreisliga<\/strong><\/p>\n<p>1. Philip von der Burg<br \/>\n2. Denis Albani<br \/>\n3. Jens Komp<br \/>\n4. Cedric Strelow<br \/>\n5. Daniel Wolf<br \/>\n6. Slawa Dreier<\/p>\n<p><strong>1. Sch\u00fcler &#8211; Kreisliga S\u00fcd<\/strong><br \/>\n1. Viktor Dreier<br \/>\n2. Nassem Raufi<br \/>\n3. Mario Hundt<br \/>\n4. Rene Marschner<br \/>\n5. Benny Prange<\/p>\n<p><strong>Bilanzen Hinrunde:<\/strong><\/p>\n<p><strong>1. Herren &#8211; Kreisliga S\u00fcd<\/strong><br \/>\n1. Norbert Straede 7:8<br \/>\n2. Markus Engler 0<br \/>\n3. Stephan Hagedorn 6:6<br \/>\n4. Stefan Pohlmeyer 3:9<br \/>\n5. Friedhelm Pieper 6:8<br \/>\n6. Christian M\u00f6ller 8:4<br \/>\n7. Heiner Lippold 11:2<br \/>\nE Holger Straede 0:2<br \/>\nE Gilbert Sprick 0:1<br \/>\nE J\u00fcrgen Zastrow 0:1<\/p>\n<p><strong>1. Jugend &#8211; Kreisliga<\/strong><br \/>\n1. Philip von der Burg 0<br \/>\n2. Denis Albani 9:7<br \/>\n3. Jens Komp 3:81:17<br \/>\n4. Cedric Strelow 1:17<br \/>\n5. Daniel Wolf 2:14<br \/>\n6. Slawa Dreier 16:0<br \/>\nE Viktor Dreier 2:0<\/p>\n<p><strong>Bilanzen R\u00fcckrunde:<\/strong><\/p>\n<p><strong>1. Herren &#8211; Kreisliga<\/strong><br \/>\n1. Norbert Straede 10:06<br \/>\n2. Markus Engler 03:12<br \/>\n3. Stephan Hagedorn 06:06<br \/>\n4. Friedhelm Pieper 04:08<br \/>\n5. Stefan Pohlmeyer 05:06<br \/>\n6. Christian M\u00f6ller 05:05<\/p>\n<p><strong>2. Herren &#8211; 1. Kreisklasse<\/strong><br \/>\n1. J\u00fcrgen Zastow 08:10<br \/>\n2. Holger Sraede 02:18<br \/>\n3. Gilbert Sprick 08:10<br \/>\n4. Carsten Otto 03:12<br \/>\n5. Michael Fritz 04:07<br \/>\n6. Meyer Udo 07:07<br \/>\nE G\u00fcnter Riemer 00:01<br \/>\nE Franz Hehmann 00:02<br \/>\nE J\u00f6rg Meyer 00:01<\/p>\n<p><strong>3. Herren &#8211; 3. Kreisklasse<\/strong><br \/>\n1. G\u00fcnter Riemer 09:09<br \/>\n2. Franz Hehmann 08:09<br \/>\n3. J\u00f6rg Meyer 10:06<br \/>\n4. Jochen Lieb 05:07<br \/>\nE Dirk Ahrend 00:02<\/p>\n<p><strong>4. Herren &#8211; 3. Kreisklasse<\/strong><br \/>\n1. Dietmar Schmidt (SPV) 10:02<br \/>\n2. Stefan Esdar12:06<br \/>\n3. Steffen V\u00f6lz 00:12<br \/>\n4. Michael Vlamink 00:14<br \/>\n5. Reinhard Mronga 00:10<\/p>\n<p><strong>5. Herren &#8211; 3. Kreisklasse<\/strong><br \/>\n1. Klaus Komp 03:15<br \/>\n2. Heinz-Hermann Radtke 00:12<br \/>\n3. Martin Welp 00:04<br \/>\n4. Stefan Tillner 03:06<br \/>\n5. J\u00f6rg Piehl 00:00<br \/>\n6. Dirk Ahrend 03:08<\/p>\n<p><strong>1. Jugend &#8211; Kreisliga<\/strong><br \/>\n1. Slawa Dreier 21:1<br \/>\n2. Denis Albani 12:6<br \/>\n3. Jens Komp 7:8<br \/>\n4. Cedric Strelow 1:8<br \/>\n5. Daniel Wolf 2:10<br \/>\nE Viktor Dreier 7:1<\/p>\n<p><strong>4. Ortsmeisterschaften 2001 in Borgloh<\/strong><\/p>\n<p>Einzel<br \/>\n1. Stephan Hagedorn<\/p>\n<p>Doppel<br \/>\n1. Stephan Hagedorn \/ Stefan Pohlmeyer<\/p>\n<p><strong>Turniere<\/strong><\/p>\n<p><strong>Kreismeisterschaften Osnabr\u00fcck-Land 2001 in Hasbergen<\/strong><\/p>\n<p>Teilnehemer<\/p>\n<p>Herren C: Stephan Hagedorn<br \/>\nHerren D: Stephan Hagedorn und Stefan Pohlmeyer<\/p>\n<p>kamen jeweils nicht aus der Gruppe<\/p>\n<p>&nbsp;<\/p>\n<p>&nbsp;<\/p>\n","protected":false},"excerpt":{"rendered":"<p>2001\/02 Tabellen 2001\/02 1. Herren Kreisliga S\u00fcd 2. Herren 1. Kreisklasse S\u00fcd 3. Herren 4. Herren 5. Herren 3. Kreisklasse S\u00fcd 1. Jugend Kreisliga 1. TSV Westerhausen I 148:45 39:5 2. Spvg. Niedermark I 144:60 38:6 3. Kloster Oesede I 142:60 36:8 4. SF Schledehausen I 112:100 26:18 5. TuS Hilter I 119:109 24:20 6. [&hellip;]<\/p>\n","protected":false},"author":1,"featured_media":0,"parent":0,"menu_order":0,"comment_status":"closed","ping_status":"closed","template":"","meta":{"_exactmetrics_skip_tracking":false,"_exactmetrics_sitenote_active":false,"_exactmetrics_sitenote_note":"","_exactmetrics_sitenote_category":0,"footnotes":""},"class_list":["post-2404","page","type-page","status-publish","hentry"],"jetpack_sharing_enabled":true,"_links":{"self":[{"href":"http:\/\/www.tus-hilter-tischtennis.de\/wp\/index.php?rest_route=\/wp\/v2\/pages\/2404","targetHints":{"allow":["GET"]}}],"collection":[{"href":"http:\/\/www.tus-hilter-tischtennis.de\/wp\/index.php?rest_route=\/wp\/v2\/pages"}],"about":[{"href":"http:\/\/www.tus-hilter-tischtennis.de\/wp\/index.php?rest_route=\/wp\/v2\/types\/page"}],"author":[{"embeddable":true,"href":"http:\/\/www.tus-hilter-tischtennis.de\/wp\/index.php?rest_route=\/wp\/v2\/users\/1"}],"replies":[{"embeddable":true,"href":"http:\/\/www.tus-hilter-tischtennis.de\/wp\/index.php?rest_route=%2Fwp%2Fv2%2Fcomments&post=2404"}],"version-history":[{"count":3,"href":"http:\/\/www.tus-hilter-tischtennis.de\/wp\/index.php?rest_route=\/wp\/v2\/pages\/2404\/revisions"}],"predecessor-version":[{"id":2408,"href":"http:\/\/www.tus-hilter-tischtennis.de\/wp\/index.php?rest_route=\/wp\/v2\/pages\/2404\/revisions\/2408"}],"wp:attachment":[{"href":"http:\/\/www.tus-hilter-tischtennis.de\/wp\/index.php?rest_route=%2Fwp%2Fv2%2Fmedia&parent=2404"}],"curies":[{"name":"wp","href":"https:\/\/api.w.org\/{rel}","templated":true}]}}