{"id":2301,"date":"2023-10-13T12:10:21","date_gmt":"2023-10-13T10:10:21","guid":{"rendered":"https:\/\/www.tus-hilter-tischtennis.de\/wp\/?page_id=2301"},"modified":"2023-10-17T17:00:59","modified_gmt":"2023-10-17T15:00:59","slug":"chronik-1990-91","status":"publish","type":"page","link":"http:\/\/www.tus-hilter-tischtennis.de\/wp\/?page_id=2301","title":{"rendered":"Chronik 1990\/91"},"content":{"rendered":"<p>1990\/91<\/p>\n<ul>\n<li>Am 07.07.1990 fand am Sportplatz wieder ein Grillfest der TT-Abteilung statt.<\/li>\n<li>Freundschaftsspiele gegen den TTV Delden fanden am 20.05.1991 statt<\/li>\n<li>Vereinsmeisterschaften fanden am 3. und 5. Mai 1991 statt<\/li>\n<\/ul>\n<p><strong>Vereinswechsel vom TuS Hilter:<\/strong><\/p>\n<p>Herbert Pietzner verl\u00e4\u00dft den TuS Hilter nach unbekannt<\/p>\n<p><strong>Vereinswechsel zum TuS Hilter<\/strong><\/p>\n<p>Lothar H\u00f6ker wechselt von TV Werther<br \/>\nPeter Illemann wechselt vom TV Werther<br \/>\nHelmut Sandmann wechselt von TuS Bad Rothenfelde<br \/>\nFranz Hehmann wechselt von TuS Bad Rothenfelde<br \/>\nMartin Lieske wechselt von TuS Bad Rothenfelde<br \/>\nStephan Schaiper wechselt vom SV Bad Laer<\/p>\n<p><strong>Tabellen 1990\/91<\/strong><\/p>\n<p><strong>1. Herren<\/strong><br \/>\n<strong>2. Herren<\/strong><br \/>\n<strong>2. Kreisklasse S\u00fcd<\/strong><\/p>\n<p><strong>1. TuS Hilter I 162:27 36:0<\/strong><br \/>\n2. SC Glandorf II 149:63 32:4<br \/>\n3. SV Bad Laer II 120:119 21:15<br \/>\n<strong>4. TuS Hilter II 122:112 20:16<\/strong><br \/>\n5. SG Hankenberge\/Wellendorf 119:107 19:17<br \/>\n6. SF Oesede IV 106:130 16:20<br \/>\n7. SF Oesede III 109:127 15:21<br \/>\n8. SV Harderberg 91:149 10:26<br \/>\n9. TSG Dissen V 82:148 8:28<br \/>\n10. VfL Kloster Oesede IV 81:159 3:33<\/p>\n<p><strong>3. Herren<\/strong><br \/>\n<strong>4. Herren<\/strong><br \/>\n<strong>3. Kreisklasse S\u00fcd<\/strong><\/p>\n<p>1. VfL Bad Iburg III 106:38 22:2<br \/>\n2. Spvg. Gaste-Hasbergen IV 100:50 18:6<br \/>\n<strong>3. TuS Hilter III 78:69 13:11<\/strong><br \/>\n4. SV Ohrbeck II 78:85 12:12<br \/>\n5. TuS Glane V 76:84 12:12<br \/>\n6. SG Hankenberge\/Wellendorf II 65:95 5:19<br \/>\n<strong>7. TuS Hilter IV 22:104 2:22<\/strong><\/p>\n<p><strong>m\u00e4nnliche Jugend<\/strong><br \/>\n<strong>Kreisklasse S\u00fcd<\/strong><\/p>\n<p>1. SC Glandorf 125:41 35:1<br \/>\n2. VfL Bad Iburg I 118:46 32:4<br \/>\n3. TSV Riemsloh II 103:66 25:11<br \/>\n<strong>4. TuS Hilter 100:69 20:16<\/strong><br \/>\n5. TSV Riemsloh III 87:97 18:18<br \/>\n6. BSV Holzhausen II 89:89 18:18<br \/>\n7. TuS Borgloh 85:91 17:19<br \/>\n8. VfL Bad Iburg II 59:98 11:25<br \/>\n9. TV Bissendorf Holte 36:110 3:33<br \/>\n10. SV Harderberg 34:128 1:35<\/p>\n<p><strong>1. Sch\u00fcler<\/strong><br \/>\n<strong>2. Sch\u00fcler<\/strong><br \/>\n<strong>Kreisliga S\u00fcd<\/strong><\/p>\n<p><strong>1. TuS Hilter I 123:36 34:2<\/strong><br \/>\n2. Spvg. Niedermark II 120:44 32:4<br \/>\n3. TSG Dissen II 100:79 22:14<br \/>\n4. TuS Bad Essen II 95:77 19:17<br \/>\n5. VfL Kloster Oesede 96:89 19:17<br \/>\n<strong>6. TuS Hilter II 82:96 17:19<\/strong><br \/>\n7. SG Hankenberge\/Wellendorf II 85:95 15:21<br \/>\n8. SV Hagen 62:110 9:27<br \/>\n9. SF Oesede 56:116 8:28<br \/>\n10. TuS Melle II 48:118 5:31<\/p>\n<p>Das R\u00fcckrunden Punktspiel in der Sch\u00fcler-Kreisliga S\u00fcd zwischen TuS Hilter II und TuS Hilter I fand am 18.01.1991 statt. Es spielten bei TuS Hilter II Landwehr, Rupprecht, Schlingmann, M\u00f6ller gegen TuS Hilter I Hollenberg, Neumann, Engler und A. Sprick. TuS Hilter I gewann mit 7:2 Punkten und 13:6 S\u00e4tze. Die Punkte f\u00fcr Hilter II kamen durch das Doppel Schlingmann\/M\u00f6ller gegen Engler Sprick 2:1 und Landwehr gegen Hollenberg 2:0.<\/p>\n<p><strong>Aufstellung<\/strong><\/p>\n<p><strong>1. Herren &#8211; 2. Kreisklasse S\u00fcd<\/strong><br \/>\n1. Lothar H\u00f6ker<br \/>\n2. Norbert Straede<br \/>\n3. Karl Heckmann<br \/>\n4. Peter Illemann<br \/>\n5. Helmut Sandmann<br \/>\n6. Hans-Joachim Flade<br \/>\n7. Volker Kairies<\/p>\n<p><strong>2. Herren &#8211; 2. Kreisklasse S\u00fcd<\/strong><br \/>\n1. Martin Sch\u00f6ttmer<br \/>\n2. Friedhelm Pieper<br \/>\n3. G\u00fcnter Riemer<br \/>\n4. J\u00fcrgen Zastrow<br \/>\n5. J\u00f6rg Meyer<br \/>\n6. Udo Meyer<\/p>\n<p><strong>3. Herren &#8211; 3. Kreisklasse S\u00fcd<\/strong><br \/>\n1. Gilbert Sprick<br \/>\n2. Stefan Pohlmeyer<br \/>\n3. Michael Fritz<br \/>\n4. Franz Hehmann<br \/>\n5. Horst Stresing<br \/>\n6. Stefan Esdar<br \/>\n7. Martin Lieske<br \/>\n8. Andree Diekstall<\/p>\n<p><strong>4. Herren &#8211; 3. Kreisklasse S\u00fcd<\/strong><br \/>\n1. Stephan Schaiper<br \/>\n2. Joachim Lieb<br \/>\n3. Klaus Komp<br \/>\n4. Heinz-Hermann Radtke<br \/>\n5. Stephan Hagedorn<br \/>\n6. Frank Kohlbrecher<br \/>\n7. Alois Redecker<br \/>\n8. Dieter M\u00fchl<\/p>\n<p><strong>m\u00e4nnliche Jugend &#8211; Kreisklasse<\/strong><br \/>\n1. Matthias Schnieber<br \/>\n2. Torsten Wiesmeier<br \/>\n3. Sascha Alexandrowitz<br \/>\n4. Andreas Frost<br \/>\n5. Holger Straede<br \/>\n6. Dirk Wrobel<br \/>\n7. Ansgar Hammerlage<br \/>\n8. Ingo Temme<br \/>\n9. Christian Robakowaski<\/p>\n<p><strong>1. Sch\u00fcler &#8211; Kreisliga S\u00fcd<\/strong><br \/>\n1. Marc Hollenberg<br \/>\n2. Uwe Neumann<br \/>\n3. Markus engler<br \/>\n4. Adrian Sprick<\/p>\n<p><strong>2. Sch\u00fcler &#8211; Kreisliga S\u00fcd<\/strong><br \/>\n1. Holger Landwehr<br \/>\n2. Tobias Rupprecht<br \/>\n3. Nico Shclingmann<br \/>\n4. Christian M\u00f6ller<br \/>\n5. Christian Hammerlage<br \/>\n6. Michael Pfeiffer<\/p>\n<p><strong>Hinrunden Bilanzen<\/strong><\/p>\n<p><strong>1. Herren &#8211; 2. Kreisklasse S\u00fcd<\/strong><br \/>\n1. Lothar H\u00f6ker 14:1<br \/>\n2. Norbert Straede 12:0<br \/>\n3. Karl Heckmann 9:1<br \/>\n4. Peter Illemann 8:1<br \/>\n5. Helmut Sandmann 2:1<br \/>\n6. Hans-Joachim Flade 7:1<br \/>\n7. Volker Kairies 5:1<br \/>\nE Friedhelm Pieper 0:1<\/p>\n<p><strong>2. Herren &#8211; 2. Kreisklasse S\u00fcd<\/strong><br \/>\n1. Martin Sch\u00f6ttmer 3:15<br \/>\n2. Friedhelm Pieper 11:7<br \/>\n3. G\u00fcnter Riemer 7:5<br \/>\n4. J\u00fcrgen Zastrow 7:4<br \/>\n5. J\u00f6rg Meyer 6:5<br \/>\n6. Udo Meyer 10:1<br \/>\nE Gilbert Sprick 1:1<\/p>\n<p><strong>m\u00e4nnliche Jugend &#8211; Kreisklasse<\/strong><br \/>\n1. Matthias Schnieber 8:2<br \/>\n2. Torsten Wiesmeier 11:3<br \/>\n3. Sascha Alexandrowitz 8:8<br \/>\n4. Andreas Frost 0:3<br \/>\n5. Holger Straede 5:5<br \/>\nErsatz 3:3<\/p>\n<p><strong>R\u00fcckrunden Bilanzen<\/strong><\/p>\n<p><strong>1. Herren &#8211; 2. Kreisklasse S\u00fcd<\/strong><br \/>\n1. Lothar H\u00f6ker 15:0<br \/>\n2. Norbert Straede 15:0<br \/>\n3. Karl Heckmann 7:2<br \/>\n4. Peter Illemann 9:0<br \/>\n5. Helmut Sandmann 4:3<br \/>\n6. Hans-Joachim Flade 6:3<br \/>\n7. Volker Kairies 2:1<br \/>\nE Friedhelm Pieper 1:0<br \/>\nE G\u00fcnter Riemer 1:0<br \/>\nE Martin Sch\u00f6ttmer 1:0<\/p>\n<p><strong>2. Herren &#8211; 2. Kreisklasse S\u00fcd<\/strong><br \/>\n1. Friedhelm Pieper 7:11<br \/>\n2. G\u00fcnter Riemer 2:14<br \/>\n3. J\u00fcrgen Zastrow 11:5<br \/>\n4. Udo Meyer 10:4<br \/>\n5. J\u00f6rg Meyer 7:7<br \/>\n6. Martin Sch\u00f6ttmer 7:4<br \/>\nE Gilbert Sprick 1:2<br \/>\nE Franz Hehmann 0:1<\/p>\n<p><strong>m\u00e4nnliche Jugend &#8211; Kreisklasse (gesamte Saison)<\/strong><br \/>\n1. Matthias Schnieber 18:6<br \/>\n2. Torsten Wiesmeier 23:8<br \/>\n3. Sascha Alexandrowitz 12:17<br \/>\n4. Andreas Frost 1:3<br \/>\n5. Holger Straede 12:12<br \/>\nErsatz 4:5<\/p>\n<p><strong>Vereinsmeisterschaften 1990<\/strong><\/p>\n<p>Jugend<br \/>\n5. Platz Holger Straede<\/p>\n","protected":false},"excerpt":{"rendered":"<p>1990\/91 Am 07.07.1990 fand am Sportplatz wieder ein Grillfest der TT-Abteilung statt. Freundschaftsspiele gegen den TTV Delden fanden am 20.05.1991 statt Vereinsmeisterschaften fanden am 3. und 5. Mai 1991 statt Vereinswechsel vom TuS Hilter: Herbert Pietzner verl\u00e4\u00dft den TuS Hilter nach unbekannt Vereinswechsel zum TuS Hilter Lothar H\u00f6ker wechselt von TV Werther Peter Illemann wechselt [&hellip;]<\/p>\n","protected":false},"author":1,"featured_media":0,"parent":0,"menu_order":0,"comment_status":"closed","ping_status":"closed","template":"","meta":{"_exactmetrics_skip_tracking":false,"_exactmetrics_sitenote_active":false,"_exactmetrics_sitenote_note":"","_exactmetrics_sitenote_category":0,"footnotes":""},"class_list":["post-2301","page","type-page","status-publish","hentry"],"jetpack_sharing_enabled":true,"_links":{"self":[{"href":"http:\/\/www.tus-hilter-tischtennis.de\/wp\/index.php?rest_route=\/wp\/v2\/pages\/2301","targetHints":{"allow":["GET"]}}],"collection":[{"href":"http:\/\/www.tus-hilter-tischtennis.de\/wp\/index.php?rest_route=\/wp\/v2\/pages"}],"about":[{"href":"http:\/\/www.tus-hilter-tischtennis.de\/wp\/index.php?rest_route=\/wp\/v2\/types\/page"}],"author":[{"embeddable":true,"href":"http:\/\/www.tus-hilter-tischtennis.de\/wp\/index.php?rest_route=\/wp\/v2\/users\/1"}],"replies":[{"embeddable":true,"href":"http:\/\/www.tus-hilter-tischtennis.de\/wp\/index.php?rest_route=%2Fwp%2Fv2%2Fcomments&post=2301"}],"version-history":[{"count":4,"href":"http:\/\/www.tus-hilter-tischtennis.de\/wp\/index.php?rest_route=\/wp\/v2\/pages\/2301\/revisions"}],"predecessor-version":[{"id":2374,"href":"http:\/\/www.tus-hilter-tischtennis.de\/wp\/index.php?rest_route=\/wp\/v2\/pages\/2301\/revisions\/2374"}],"wp:attachment":[{"href":"http:\/\/www.tus-hilter-tischtennis.de\/wp\/index.php?rest_route=%2Fwp%2Fv2%2Fmedia&parent=2301"}],"curies":[{"name":"wp","href":"https:\/\/api.w.org\/{rel}","templated":true}]}}