{"id":22,"date":"2015-05-28T23:24:13","date_gmt":"2015-05-28T21:24:13","guid":{"rendered":"http:\/\/www.tus-hilter-tischtennis.de\/wp\/?page_id=22"},"modified":"2015-06-04T18:21:00","modified_gmt":"2015-06-04T16:21:00","slug":"ausschreibung-2015","status":"publish","type":"page","link":"http:\/\/www.tus-hilter-tischtennis.de\/wp\/?page_id=22","title":{"rendered":"Ausschreibung 2015"},"content":{"rendered":"<h1 style=\"text-align: center;\">3. internationale Tischtennis \u201eRankenbach \u2013 Open&#8220; des TuS Hilter<\/h1>\n<h1 style=\"text-align: center;\">19.-21.06.2015<\/h1>\n<p style=\"text-align: center;\"><a href=\"http:\/\/www.tus-hilter-tischtennis.de\/wp\/wp-content\/uploads\/2015\/05\/tuslogo_new.png\"><img loading=\"lazy\" decoding=\"async\" src=\"http:\/\/www.tus-hilter-tischtennis.de\/wp\/wp-content\/uploads\/2015\/05\/tuslogo_new-150x150.png\" alt=\"tuslogo_new\" width=\"150\" height=\"150\" \/><\/a><\/p>\n<p style=\"text-align: center;\"><strong>Live Ergebnis- und Tisch-\/Aufrufanzeige auf Monitoren in Kantine und Halle !!!<\/strong><\/p>\n<p>&nbsp;<\/p>\n<table class=\"aligncenter\" border=\"1\" cellspacing=\"0\" cellpadding=\"0\">\n<tbody>\n<tr>\n<td>Einzel-Vorrunde in 4er-Gruppen,Einzelhauptrunde und Doppel im K.O.-System.<em><strong>Das Turnier ist TTR relevant !<\/strong><\/em><\/td>\n<td><strong>Freitag, 19.06.2015<\/strong>Mixed offen (2er Mannschaft,Nicht TTR relevant,<\/p>\n<p>S\u00e4tze bis zum 15. Punkt) 18:00 Uhr<\/p>\n<p>Hobby-Jugend 18:00 Uhr<\/p>\n<p>Hobby-Erwachsene 19:00 Uhr<\/td>\n<\/tr>\n<tr>\n<td><strong>Samstag, 20.06.2015<\/strong>Sch\u00fcler A 9.00 Uhr (Jahrgang &gt;=2000)<\/p>\n<p>M\u00e4dchen 9.30 Uhr (Jahrgang &gt;=1997)<\/p>\n<p>Jungen B 10.00 Uhr (Jahrgang &gt;1997 und QTTR bis 1250)<\/p>\n<p>Damen B 12:30 Uhr (QTTR bis 1400)<\/p>\n<p>Herren E 13.00 Uhr (QTTR bis 1450)<\/p>\n<p>Herren C 15.00 Uhr (QTTR bis 1700)<\/p>\n<p>Herren A 17.00 Uhr (QTTR bis 3000)<\/td>\n<td><strong>Sonntag, 21.06.2015<\/strong>Sch\u00fclerinnen 9.00 Uhr (Jahrgang &gt;=2000)<\/p>\n<p>Sch\u00fcler B 9.30 Uhr (Jahrgang &gt;=2002)<\/p>\n<p>Jungen A 11.00 Uhr (Jahrgang &gt;=1997)<\/p>\n<p>Herren F 12:00 Uhr (QTTR bis 1350)<\/p>\n<p>Herren D 13.00 Uhr (QTTR bis 1600)<\/p>\n<p>Damen A 15.00 Uhr (QTTR bis 3000)<\/p>\n<p>Herren B 16.00 Uhr (QTTR bis 1850)<\/td>\n<\/tr>\n<\/tbody>\n<\/table>\n<p>&nbsp;<\/p>\n<p style=\"text-align: center;\">Ranglistenbezug (Q-TTR) ist der 11. Mai 2015\u00a0!<\/p>\n<p>&nbsp;<\/p>\n<p class=\"MsoNoSpacing\" style=\"text-align: center;\" align=\"center\"><strong><span style=\"font-family: Helvetica-Bold; mso-bidi-font-family: Helvetica-Bold;\">\u00a0<\/span><\/strong><\/p>\n<p class=\"MsoNoSpacing\" style=\"text-align: center;\" align=\"center\"><strong><span style=\"font-size: 14.0pt;\">Weitere Infos und Anmeldung unter:<\/span><\/strong><\/p>\n<p class=\"MsoNoSpacing\" style=\"text-align: center;\" align=\"center\"><a href=\"http:\/\/www.tus-hilter-tischtennis.de\/\"><strong><span style=\"font-size: 14.0pt;\">www.tus-hilter-tischtennis.de<\/span><\/strong><\/a><\/p>\n<p class=\"MsoNoSpacing\" style=\"text-align: center;\" align=\"center\"><span style=\"font-size: 14.0pt;\">Holger Straede\u00a0\u00a0\u00a0\u00a0\u00a0\u00a0 Telefon: 0541\/9998927<\/span><\/p>\n<p class=\"MsoNoSpacing\" style=\"text-align: center;\" align=\"center\"><span style=\"font-size: 14.0pt;\">Rehmstr. 119, 49080 Osnabr\u00fcck<\/span><\/p>\n<p class=\"MsoNoSpacing\" style=\"text-align: center;\" align=\"center\"><a href=\"mailto:holger@straede.de\"><span style=\"font-size: 14.0pt;\">holger@straede.de<\/span><\/a><\/p>\n<p class=\"MsoNoSpacing\" style=\"text-align: center;\" align=\"center\">M\u00f6glichst bitte Online oder per E-Mail \u2013 Danke !<\/p>\n<h3 class=\"MsoNoSpacing\" style=\"text-align: left;\" align=\"center\"><a href=\"http:\/\/www.tus-hilter-tischtennis.de\/rankenbachopen\/anmeldung\/formular.php\"><strong>Anmeldeformular Rankenbach-Open 2015<\/strong><\/a><\/h3>\n<h3 class=\"MsoNoSpacing\" style=\"text-align: left;\" align=\"center\"><a href=\"http:\/\/www.tus-hilter-tischtennis.de\/RankenbachOpen_Ausschreibung2015.pdf\"><strong>Ausschreibung als Download<\/strong><\/a><\/h3>\n<p>&nbsp;<\/p>\n<p style=\"text-align: left;\"><strong><span style=\"color: #000000; font-family: Arial, Helvetica, sans-serif; text-align: -webkit-auto;\">Meldeschluss: <\/span><\/strong><\/p>\n<p style=\"text-align: left;\"><span style=\"color: #000000; font-family: Arial, Helvetica, sans-serif; text-align: -webkit-auto;\">Donnerstag, 18.06.2015 23:45 \/ Nachmeldung bis 30 Minuten vor Spielklassenbeginn m\u00f6glich<\/span><\/p>\n<p style=\"text-align: left;\"><strong>Austragungsort:<\/strong><\/p>\n<p>Ulrich-Rau-Sporthalle<\/p>\n<p>M\u00fcnsterstr. 20<\/p>\n<p>49176 Hilter am Teutoburger Wald<\/p>\n<p><strong>Teilnehmerkreis:<\/strong><\/p>\n<p>ITTF<\/p>\n<p><strong>Spielsystem:<\/strong><\/p>\n<p>Einzel: Vorrunde: 3-er und 4-er Gruppen<\/p>\n<p>Hauptrunde: KO-System f\u00fcr die Gruppenersten und \u2013zweiten<\/p>\n<p>Doppel: KO-System<\/p>\n<p>Mixed-2er Mannschaft: D-D,w-w,m-m gespielt werden alle Paarungen (S\u00e4tze bis 15)<\/p>\n<p>3 Gewinns\u00e4tze<\/p>\n<p><strong>Klasseneinteilung:<\/strong><\/p>\n<p>Nach Q-TTR Wert vom 11. Mai 2015, sonst auf Anfrage<\/p>\n<p>Einteilung f\u00fcr Nicht-QTTR Spieler\/innen und die Niederlande. Hat allerdings ein Spieler\/in einen QTTR-Wert, da schon mal in Deutschland gespielt, mu\u00df dieser angegeben werden und wird zur Einteilung verwendet. Spieler\/innen ohne QTTR-Wert NL<\/p>\n<p>Damen A Regionalliga (3.Klasse) B<br \/>\nDamen B 6. Klasse D<br \/>\nHerren A Regionalliga (3.Klasse) B<br \/>\nHerren B 5. Klasse C<br \/>\nHerren C 7. Klasse D<br \/>\nHerren D 9. Klasse E<br \/>\nHerren E Zweitunterste Klasse F<br \/>\nHerren F unterste Klasse<\/p>\n<p><strong>Startberechtigung:<\/strong><\/p>\n<p>Aktive mit g\u00fcltiger Spielberechtigung. Die Mannschaftsmeldeformulare und Spielgenehmigungen sind vor Turnierbeginn auf Wunsch der Turnierleitung vorzulegen.<\/p>\n<p>Achtung! Doppelstarts an einem Tag sind nur m\u00f6glich, wenn der Spieler oder die Spielerin die erste Klasse beendet hat, bevor die zweite Klasse startet.<\/p>\n<p style=\"text-align: left;\">Bei diesem Turnier handelt es sich um eine TTR-relevante Konkurrenz und wird im Turniermodul von click-TT erfasst. F\u00fcr Teilnehmer aus Nicht-click-TT-Verb\u00e4nden und aus dem Ausland besteht die M\u00f6glichkeit, sich beim Generalsekretariat\u00a0des DTTB unter der E-Mail- Adresse <a href=\"mailto:spielerregistrierung@tischtennis.de\">spielerregistrierung@tischtennis.de<\/a> unter der Angabe von Name, Vorname, Geschlecht, Geburtsdatum, Nationalit\u00e4t und Vereins-\/Verbandszugeh\u00f6rigkeit in die Datenbank click-TT aufnehmen zu lassen.<\/p>\n<p style=\"text-align: left;\"><strong>F\u00fcr die Hobby-Klassen darf bisher noch keine aktive Spielberechtigung vorhanden gewesen sein ! Es sollen reine Hobby-Klassen sein.<\/strong><\/p>\n<p style=\"text-align: left;\"><strong>Startgeb\u00fchren:<\/strong><\/p>\n<p>Damen\/Herren 7,- \u20ac<br \/>\nHobby-Erwachsene: 5,- \u20ac<br \/>\nJugend\/Sch\u00fcler 3,- \u20ac<br \/>\nMixed 10,- \u20ac pro Mannschaft<br \/>\nNachmeldegeb\u00fchr pro Spieler 1,- \u20ac<\/p>\n<p><strong>Schiedsgericht:<\/strong><\/p>\n<p>Wird vor Beginn des Turniers benannt.<\/p>\n<p><strong>Oberschiedsrichter:<\/strong><\/p>\n<p>Uwe Weng (VSR WTTV)<\/p>\n<p><strong>Turnierleitung:<\/strong><\/p>\n<p>Mitglieder des TuS Hilter von 1902 e.V.<\/p>\n<p><strong>Auslosung:<\/strong><\/p>\n<p>Die Auslosungen finden ca. 15 Min. vor der jeweiligen Turnierklasse bei der Turnierleitung statt.<\/p>\n<p><strong>Spielregeln:<\/strong><\/p>\n<p>Gespielt wird nach den Regeln der ITTF (deutsche Fassung) und der Wettspielordnung (WO) des DTTB unter Ber\u00fccksichtigung der Ausf\u00fchrungsbestimmungen (AB) und der Rechtsordnung (RO) des TTVN. Der Meldende ist verpflichtet, die Spielerinnen &amp; Spieler darauf hinzuweisen, dass Spieler, deren tats\u00e4chliche Leistungsst\u00e4rke ihrer Einstufung in der Leistungsklasse offensichtlich nicht entspricht, vom Veranstalter bzw. Durchf\u00fchrer in eine h\u00f6here Leistungsklasse eingestuft werden k\u00f6nnen.<\/p>\n<p style=\"text-align: left;\">Abweichung in der Mixed-Mannschaft: Satz bis zum 15. Punkt (damit nicht TTR-Relevant)<\/p>\n<p>Die Turnierleitung beh\u00e4lt sich notwendige \u00c4nderungen vor.<\/p>\n<p><strong>Spielmaterial:<\/strong><\/p>\n<p>18 wettkampfgerechte Tische + Netze sowie DHS*** B\u00e4lle.<\/p>\n<p><strong>Pokale \/ Urkunden \/ Preise:<\/strong><\/p>\n<p>&#8211; In allen Klassen (Nachwuchsklassen &amp; Erwachsenenklassen)\u00a0werden die dritten Pl\u00e4tze nicht ausgespielt!<\/p>\n<p>&#8211; In allen Doppelkonkurrenzen werden f\u00fcr die Finalisten Urkunden + Sachpreise f\u00fcr die Sieger vergeben<\/p>\n<p>&#8211; Besitzpokale f\u00fcr die ersten drei im Einzel in allen Nachwuchsklassen<\/p>\n<p style=\"text-align: left;\"><strong>Preisgelder:<br \/>\n<\/strong>Damen A &amp; Herren A:<br \/>\n1. 80,00 \u20ac<br \/>\n2. 40,00 \u20ac<br \/>\n3. 20,00 \u20ac<\/p>\n<p>Herren B &amp; Mixed (proMannschaft):<br \/>\n1. 50,00 \u20ac<br \/>\n2. 25,00 \u20ac<br \/>\n3. 15,00 \u20ac<\/p>\n<p>Damen B, Herren C &amp; D &amp; E &amp; F:<br \/>\n1. 40,00 \u20ac<br \/>\n2. 20,00 \u20ac<br \/>\n3. 10,00 \u20ac<\/p>\n<p>Hobby-Erwachsene:<br \/>\n1. 20,00 \u20ac<br \/>\n2. 10,00 \u20ac<br \/>\n3. 5,00 \u20ac<\/p>\n<p style=\"text-align: left;\"><strong>Vorbehalte der Turnierleitung:<\/strong><\/p>\n<p>Die Turnierleitung beh\u00e4lt sich notwendige \u00c4nderungen der Ausschreibung und Streichungen vor. Insbesondere beinhaltet dies den Vorbehalt die Teilnehmerfelder einzelner Klassen zu begrenzen und die Anmeldefrist vor dem offiziellen Meldeschluss zu beenden.<\/p>\n<p>Hinweis: An allen Turniertagen werden kleine Speisen und Getr\u00e4nke zu gewohnt g\u00fcnstigen Preisen in der Halle angeboten.<\/p>\n<p><a href=\"http:\/\/www.tischtennis-pur.de\/\" target=\"_blank\"><img loading=\"lazy\" decoding=\"async\" class=\"alignnone\" title=\"http:\/\/www.tischtennis-pur.de\" src=\"http:\/\/www.tus-hilter-tischtennis.de\/eingetragen-tischtennis-pur.jpg\" alt=\"\" width=\"100\" height=\"56\" border=\"0\" \/><\/a><\/p>\n","protected":false},"excerpt":{"rendered":"<p>3. internationale Tischtennis \u201eRankenbach \u2013 Open&#8220; des TuS Hilter 19.-21.06.2015 Live Ergebnis- und Tisch-\/Aufrufanzeige auf Monitoren in Kantine und Halle !!! &nbsp; Einzel-Vorrunde in 4er-Gruppen,Einzelhauptrunde und Doppel im K.O.-System.Das Turnier ist TTR relevant ! Freitag, 19.06.2015Mixed offen (2er Mannschaft,Nicht TTR relevant, S\u00e4tze bis zum 15. Punkt) 18:00 Uhr Hobby-Jugend 18:00 Uhr Hobby-Erwachsene 19:00 Uhr Samstag, [&hellip;]<\/p>\n","protected":false},"author":1,"featured_media":0,"parent":0,"menu_order":0,"comment_status":"open","ping_status":"open","template":"","meta":{"_exactmetrics_skip_tracking":false,"_exactmetrics_sitenote_active":false,"_exactmetrics_sitenote_note":"","_exactmetrics_sitenote_category":0,"footnotes":""},"class_list":["post-22","page","type-page","status-publish","hentry"],"jetpack_sharing_enabled":true,"_links":{"self":[{"href":"http:\/\/www.tus-hilter-tischtennis.de\/wp\/index.php?rest_route=\/wp\/v2\/pages\/22","targetHints":{"allow":["GET"]}}],"collection":[{"href":"http:\/\/www.tus-hilter-tischtennis.de\/wp\/index.php?rest_route=\/wp\/v2\/pages"}],"about":[{"href":"http:\/\/www.tus-hilter-tischtennis.de\/wp\/index.php?rest_route=\/wp\/v2\/types\/page"}],"author":[{"embeddable":true,"href":"http:\/\/www.tus-hilter-tischtennis.de\/wp\/index.php?rest_route=\/wp\/v2\/users\/1"}],"replies":[{"embeddable":true,"href":"http:\/\/www.tus-hilter-tischtennis.de\/wp\/index.php?rest_route=%2Fwp%2Fv2%2Fcomments&post=22"}],"version-history":[{"count":7,"href":"http:\/\/www.tus-hilter-tischtennis.de\/wp\/index.php?rest_route=\/wp\/v2\/pages\/22\/revisions"}],"predecessor-version":[{"id":171,"href":"http:\/\/www.tus-hilter-tischtennis.de\/wp\/index.php?rest_route=\/wp\/v2\/pages\/22\/revisions\/171"}],"wp:attachment":[{"href":"http:\/\/www.tus-hilter-tischtennis.de\/wp\/index.php?rest_route=%2Fwp%2Fv2%2Fmedia&parent=22"}],"curies":[{"name":"wp","href":"https:\/\/api.w.org\/{rel}","templated":true}]}}